{"id":151,"date":"2016-07-05T08:01:46","date_gmt":"2016-07-05T08:01:46","guid":{"rendered":"http:\/\/store.giudansky.com\/?page_id=151"},"modified":"2016-08-29T20:58:07","modified_gmt":"2016-08-29T20:58:07","slug":"about","status":"publish","type":"page","link":"https:\/\/store.giudansky.com\/it\/about\/","title":{"rendered":"About"},"content":{"rendered":"<p style=\"text-align: center;\">&#8220;Learn with a Poster&#8221; \u00e8 un idea di <a href=\"http:\/\/giudansky.com\">giudansky.com.<\/a><\/p>\n<h3 style=\"text-align: left;\">Che cos&#8217;\u00e8 &#8220;Learn with a poster&#8221;?<\/h3>\n<p><strong>Tutto ci\u00f2<\/strong> <del>di cui hai bisogno<\/del><strong> che ami<\/strong>, in un&#8217;unica mappa. Cosa significa? Che vogliamo creare le mappe mentali e gli appunti perfetti, tutto in un unico foglio. Un poster infografica che deve essere utile ma anche molto bello.<\/p>\n<p>Che siano scorciatoie per l&#8217;utilizzo di un applicazione, le regole di navigazione a vela, o le definizioni dell&#8217;architettura classica, deve esserci tutto e deve piacerti. Stiamo lavorando a diversi argomenti, discipline, software e materie per creare la mappa di riferimento perfetta per diverse passioni.<\/p>\n<p>In un unico sguardo deve recuperare o insegnarti le nozioni che cerchi. Ricorda che in queste tavole grafiche altamente dettagliate, &#8220;le dimensioni contano&#8221;: gli elementi sono ordinati gerarchicamente per importanza in base alla loro dimensione.<\/p>\n<h3>Un lavoro sempre in sviluppo<\/h3>\n<p>I poster per quanto possano apparire completi sono sempre in corso di aggiornamento. Cresceranno nel tempo in dimensioni, densit\u00e0 e dettagli; non esiste mai una versione definitiva. Aggiungeremo termini, elementi grafici ed illustrazioni nel tempo. Se acquisici la versione &#8220;<strong><em>attuale&#8221;<\/em><\/strong>, puoi avere la tavola illustrata aggiornata ad oggi. Se acquisisci la versione &#8220;<em><strong>evoluta<\/strong><\/em>&#8221; potrai scaricare gli aggiornamenti futuri, se e quando disponibili nell&#8217;arco di un&#8217;anno.<\/p>\n<h3>Cosa vendiamo?<\/h3>\n<p>Non necessariamente qualcosa. I poster che vedi qui sono gratuiti ad una risoluzione sufficientemente alta da godere di quasi tutti i dettagli e le nozioni. Li trovi su www.giudansky.com. Ma se li ami davvero puoi comprare il file ad alta risoluzione: vettoriali o raster giganteschi che puoi utilizzare per stampare la tavola in qualsiasi dimensione (Solo per uso personale). Non spediamo alcun supporto stampato, solo download digitale: ci piace l&#8217;ecologia e l&#8217;istantaneit\u00e0; spedire un rotolo di carta dall&#8217;altra parte del mondo oltre che faticoso, non ci sembra etico.<\/p>\n<p>&nbsp;<\/p>\n<p>&nbsp;<\/p>\n<p>&nbsp;<\/p>\n","protected":false},"excerpt":{"rendered":"<p>&#8220;Learn with a Poster&#8221; \u00e8 un idea di giudansky.com. Che cos&#8217;\u00e8 &#8220;Learn with a poster&#8221;? Tutto ci\u00f2 di cui hai bisogno che ami, in un&#8217;unica mappa. Cosa significa? Che vogliamo creare le mappe mentali e gli appunti perfetti, tutto in un unico foglio. Un poster infografica che deve essere utile ma anche molto bello. Che [&hellip;]<\/p>\n","protected":false},"author":1,"featured_media":0,"parent":0,"menu_order":0,"comment_status":"closed","ping_status":"closed","template":"","meta":{"jetpack_post_was_ever_published":false,"footnotes":""},"class_list":["post-151","page","type-page","status-publish","hentry"],"yoast_head":"<!-- This site is optimized with the Yoast SEO plugin v27.3 - https:\/\/yoast.com\/product\/yoast-seo-wordpress\/ -->\n<title>&quot;Impara con un Poster&quot;, che cos&#039;\u00e8<\/title>\n<meta name=\"description\" content=\"&quot;Learn with a Poster&quot; \u00e8 un idea di giudansky.com. Che cos&#039;\u00e8 &quot;Learn with a poster&quot;? Tutto ci\u00f2 di cui hai bisogno che ami, in un&#039;unica mappa. Cosa\" \/>\n<meta name=\"robots\" content=\"index, follow, max-snippet:-1, max-image-preview:large, max-video-preview:-1\" \/>\n<link rel=\"canonical\" href=\"https:\/\/store.giudansky.com\/it\/about\/\" \/>\n<meta property=\"og:locale\" content=\"it_IT\" \/>\n<meta property=\"og:type\" content=\"article\" \/>\n<meta property=\"og:title\" content=\"&quot;Impara con un Poster&quot;, che cos&#039;\u00e8\" \/>\n<meta property=\"og:description\" content=\"&quot;Learn with a Poster&quot; \u00e8 un idea di giudansky.com. Che cos&#039;\u00e8 &quot;Learn with a poster&quot;? Tutto ci\u00f2 di cui hai bisogno che ami, in un&#039;unica mappa. Cosa\" \/>\n<meta property=\"og:url\" content=\"https:\/\/store.giudansky.com\/it\/about\/\" \/>\n<meta property=\"og:site_name\" content=\"Learn with a Poster\" \/>\n<meta property=\"article:modified_time\" content=\"2016-08-29T20:58:07+00:00\" \/>\n<meta name=\"twitter:card\" content=\"summary_large_image\" \/>\n<meta name=\"twitter:label1\" content=\"Tempo di lettura stimato\" \/>\n\t<meta name=\"twitter:data1\" content=\"1 minuto\" \/>\n<script type=\"application\/ld+json\" class=\"yoast-schema-graph\">{\"@context\":\"https:\\\/\\\/schema.org\",\"@graph\":[{\"@type\":\"WebPage\",\"@id\":\"https:\\\/\\\/store.giudansky.com\\\/it\\\/about\\\/\",\"url\":\"https:\\\/\\\/store.giudansky.com\\\/it\\\/about\\\/\",\"name\":\"\\\"Impara con un Poster\\\", che cos'\u00e8\",\"isPartOf\":{\"@id\":\"https:\\\/\\\/store.giudansky.com\\\/it\\\/#website\"},\"datePublished\":\"2016-07-05T08:01:46+00:00\",\"dateModified\":\"2016-08-29T20:58:07+00:00\",\"description\":\"\\\"Learn with a Poster\\\" \u00e8 un idea di giudansky.com. Che cos'\u00e8 \\\"Learn with a poster\\\"? Tutto ci\u00f2 di cui hai bisogno che ami, in un'unica mappa. Cosa\",\"breadcrumb\":{\"@id\":\"https:\\\/\\\/store.giudansky.com\\\/it\\\/about\\\/#breadcrumb\"},\"inLanguage\":\"it-IT\",\"potentialAction\":[{\"@type\":\"ReadAction\",\"target\":[\"https:\\\/\\\/store.giudansky.com\\\/it\\\/about\\\/\"]}]},{\"@type\":\"BreadcrumbList\",\"@id\":\"https:\\\/\\\/store.giudansky.com\\\/it\\\/about\\\/#breadcrumb\",\"itemListElement\":[{\"@type\":\"ListItem\",\"position\":1,\"name\":\"Home\",\"item\":\"https:\\\/\\\/store.giudansky.com\\\/it\\\/\"},{\"@type\":\"ListItem\",\"position\":2,\"name\":\"About\"}]},{\"@type\":\"WebSite\",\"@id\":\"https:\\\/\\\/store.giudansky.com\\\/it\\\/#website\",\"url\":\"https:\\\/\\\/store.giudansky.com\\\/it\\\/\",\"name\":\"Learn with a Poster\",\"description\":\"All the knowledge in a single infographic poster\",\"publisher\":{\"@id\":\"https:\\\/\\\/store.giudansky.com\\\/it\\\/#organization\"},\"potentialAction\":[{\"@type\":\"SearchAction\",\"target\":{\"@type\":\"EntryPoint\",\"urlTemplate\":\"https:\\\/\\\/store.giudansky.com\\\/it\\\/?s={search_term_string}\"},\"query-input\":{\"@type\":\"PropertyValueSpecification\",\"valueRequired\":true,\"valueName\":\"search_term_string\"}}],\"inLanguage\":\"it-IT\"},{\"@type\":\"Organization\",\"@id\":\"https:\\\/\\\/store.giudansky.com\\\/it\\\/#organization\",\"name\":\"Learn with a Poster\",\"url\":\"https:\\\/\\\/store.giudansky.com\\\/it\\\/\",\"logo\":{\"@type\":\"ImageObject\",\"inLanguage\":\"it-IT\",\"@id\":\"https:\\\/\\\/store.giudansky.com\\\/it\\\/#\\\/schema\\\/logo\\\/image\\\/\",\"url\":\"https:\\\/\\\/store.giudansky.com\\\/wp-content\\\/uploads\\\/2016\\\/06\\\/icona-learnposter.png\",\"contentUrl\":\"https:\\\/\\\/store.giudansky.com\\\/wp-content\\\/uploads\\\/2016\\\/06\\\/icona-learnposter.png\",\"width\":283,\"height\":283,\"caption\":\"Learn with a Poster\"},\"image\":{\"@id\":\"https:\\\/\\\/store.giudansky.com\\\/it\\\/#\\\/schema\\\/logo\\\/image\\\/\"}}]}<\/script>\n<!-- \/ Yoast SEO plugin. -->","yoast_head_json":{"title":"\"Impara con un Poster\", che cos'\u00e8","description":"\"Learn with a Poster\" \u00e8 un idea di giudansky.com. Che cos'\u00e8 \"Learn with a poster\"? Tutto ci\u00f2 di cui hai bisogno che ami, in un'unica mappa. Cosa","robots":{"index":"index","follow":"follow","max-snippet":"max-snippet:-1","max-image-preview":"max-image-preview:large","max-video-preview":"max-video-preview:-1"},"canonical":"https:\/\/store.giudansky.com\/it\/about\/","og_locale":"it_IT","og_type":"article","og_title":"\"Impara con un Poster\", che cos'\u00e8","og_description":"\"Learn with a Poster\" \u00e8 un idea di giudansky.com. Che cos'\u00e8 \"Learn with a poster\"? Tutto ci\u00f2 di cui hai bisogno che ami, in un'unica mappa. Cosa","og_url":"https:\/\/store.giudansky.com\/it\/about\/","og_site_name":"Learn with a Poster","article_modified_time":"2016-08-29T20:58:07+00:00","twitter_card":"summary_large_image","twitter_misc":{"Tempo di lettura stimato":"1 minuto"},"schema":{"@context":"https:\/\/schema.org","@graph":[{"@type":"WebPage","@id":"https:\/\/store.giudansky.com\/it\/about\/","url":"https:\/\/store.giudansky.com\/it\/about\/","name":"\"Impara con un Poster\", che cos'\u00e8","isPartOf":{"@id":"https:\/\/store.giudansky.com\/it\/#website"},"datePublished":"2016-07-05T08:01:46+00:00","dateModified":"2016-08-29T20:58:07+00:00","description":"\"Learn with a Poster\" \u00e8 un idea di giudansky.com. Che cos'\u00e8 \"Learn with a poster\"? Tutto ci\u00f2 di cui hai bisogno che ami, in un'unica mappa. Cosa","breadcrumb":{"@id":"https:\/\/store.giudansky.com\/it\/about\/#breadcrumb"},"inLanguage":"it-IT","potentialAction":[{"@type":"ReadAction","target":["https:\/\/store.giudansky.com\/it\/about\/"]}]},{"@type":"BreadcrumbList","@id":"https:\/\/store.giudansky.com\/it\/about\/#breadcrumb","itemListElement":[{"@type":"ListItem","position":1,"name":"Home","item":"https:\/\/store.giudansky.com\/it\/"},{"@type":"ListItem","position":2,"name":"About"}]},{"@type":"WebSite","@id":"https:\/\/store.giudansky.com\/it\/#website","url":"https:\/\/store.giudansky.com\/it\/","name":"Learn with a Poster","description":"All the knowledge in a single infographic poster","publisher":{"@id":"https:\/\/store.giudansky.com\/it\/#organization"},"potentialAction":[{"@type":"SearchAction","target":{"@type":"EntryPoint","urlTemplate":"https:\/\/store.giudansky.com\/it\/?s={search_term_string}"},"query-input":{"@type":"PropertyValueSpecification","valueRequired":true,"valueName":"search_term_string"}}],"inLanguage":"it-IT"},{"@type":"Organization","@id":"https:\/\/store.giudansky.com\/it\/#organization","name":"Learn with a Poster","url":"https:\/\/store.giudansky.com\/it\/","logo":{"@type":"ImageObject","inLanguage":"it-IT","@id":"https:\/\/store.giudansky.com\/it\/#\/schema\/logo\/image\/","url":"https:\/\/store.giudansky.com\/wp-content\/uploads\/2016\/06\/icona-learnposter.png","contentUrl":"https:\/\/store.giudansky.com\/wp-content\/uploads\/2016\/06\/icona-learnposter.png","width":283,"height":283,"caption":"Learn with a Poster"},"image":{"@id":"https:\/\/store.giudansky.com\/it\/#\/schema\/logo\/image\/"}}]}},"jetpack_sharing_enabled":true,"jetpack_shortlink":"https:\/\/wp.me\/P7EC7d-2r","jetpack-related-posts":[{"id":1408,"url":"https:\/\/store.giudansky.com\/it\/","url_meta":{"origin":151,"position":0},"title":"Home","author":"giuliano","date":"18 Marzo 2021","format":false,"excerpt":"Tutto ci\u00f2 che ami in un'unica mappa In evidenza Nota Importante: Autenticit\u00e0, Qualit\u00e0 e Scelta Ecologica L'unica fonte ufficiale con le infografiche di LWAP \u00e8 questo sito web: store.giudansky.com. Non esistono altre forme autorizzate o licenze, se non questo formato digitale. Abusi: Gli oggetti e il merchandising non autorizzato che\u2026","rel":"","context":"Articolo simile","block_context":{"text":"Articolo simile","link":""},"img":{"alt_text":"","src":"https:\/\/i0.wp.com\/store.giudansky.com\/wp-content\/uploads\/2016\/06\/learn-with-a-poster-head-logo.png?resize=350%2C200&ssl=1","width":350,"height":200,"srcset":"https:\/\/i0.wp.com\/store.giudansky.com\/wp-content\/uploads\/2016\/06\/learn-with-a-poster-head-logo.png?resize=350%2C200&ssl=1 1x, https:\/\/i0.wp.com\/store.giudansky.com\/wp-content\/uploads\/2016\/06\/learn-with-a-poster-head-logo.png?resize=525%2C300&ssl=1 1.5x, https:\/\/i0.wp.com\/store.giudansky.com\/wp-content\/uploads\/2016\/06\/learn-with-a-poster-head-logo.png?resize=700%2C400&ssl=1 2x"},"classes":[]},{"id":77,"url":"https:\/\/store.giudansky.com\/it\/privacy-policy\/","url_meta":{"origin":151,"position":1},"title":"Privacy Policy","author":"giuliano","date":"1 Luglio 2016","format":false,"excerpt":"Informazioni sulla privacy e GDPR Chi siamo Siamo designer e vendiamo poster illustrati qui su http:\/\/store.giudansky.com. L'indirizzo di \"Learn with a Poster\" \u00e8 P.zza San Michele, 3 58100 Grosseto, ITALIA. Per ogni problema relativo alle tue informazioni personali puoi contattare info@store.giudansky.com. I tuoi diritti sui dati personali Se hai un\u2026","rel":"","context":"Articolo simile","block_context":{"text":"Articolo simile","link":""},"img":{"alt_text":"","src":"","width":0,"height":0},"classes":[]},{"id":68,"url":"https:\/\/store.giudansky.com\/it\/termini-e-istruzioni\/","url_meta":{"origin":151,"position":2},"title":"Termini e istruzioni","author":"giuliano","date":"20 Giugno 2016","format":false,"excerpt":"Ordine e acquisto L'ordine si effettua solo online.\u00a0 Dopo aver aggiunto i prodotti al carrello, la voce di men\u00f9 corrispondente \"carrello\" reindirizza al riepilogo del tuo ordine, dove potrai modificare le tue scelte e vedere direttamente il totale da pagare. Tutti gli ordini senza conferma di pagamento entro 12 ore,\u2026","rel":"","context":"Articolo simile","block_context":{"text":"Articolo simile","link":""},"img":{"alt_text":"","src":"","width":0,"height":0},"classes":[]},{"id":74,"url":"https:\/\/store.giudansky.com\/it\/altre-info\/","url_meta":{"origin":151,"position":3},"title":"Altre info","author":"giuliano","date":"1 Luglio 2016","format":false,"excerpt":"Learn with a poster \u00e8 un idea di giudansky.com. Qui di fianco trovi le pagine con le istruzioni di acquisto, le tipologie di licenza, la privacy policy e la pagina di contatto.","rel":"","context":"Articolo simile","block_context":{"text":"Articolo simile","link":""},"img":{"alt_text":"","src":"","width":0,"height":0},"classes":[]},{"id":47,"url":"https:\/\/store.giudansky.com\/it\/contatti\/","url_meta":{"origin":151,"position":4},"title":"Contatti","author":"giuliano","date":"20 Giugno 2016","format":false,"excerpt":"Learn with a poster \u00e8 un idea di giudansky.com","rel":"","context":"Articolo simile","block_context":{"text":"Articolo simile","link":""},"img":{"alt_text":"","src":"","width":0,"height":0},"classes":[]},{"id":156,"url":"https:\/\/store.giudansky.com\/about\/","url_meta":{"origin":151,"position":5},"title":"About","author":"giuliano","date":"5 Luglio 2016","format":false,"excerpt":"\"Learn with a Poster\" is an idea by giudansky.com. What's \"Learn with a poster\"? Everything you need you love, in a single map. What does it mean? We want to create mindmap artboards, the perfect notes, everything on a single sheet. An infographic poster that must be both useful and\u2026","rel":"","context":"Articolo simile","block_context":{"text":"Articolo simile","link":""},"img":{"alt_text":"","src":"","width":0,"height":0},"classes":[]}],"_links":{"self":[{"href":"https:\/\/store.giudansky.com\/it\/wp-json\/wp\/v2\/pages\/151","targetHints":{"allow":["GET"]}}],"collection":[{"href":"https:\/\/store.giudansky.com\/it\/wp-json\/wp\/v2\/pages"}],"about":[{"href":"https:\/\/store.giudansky.com\/it\/wp-json\/wp\/v2\/types\/page"}],"author":[{"embeddable":true,"href":"https:\/\/store.giudansky.com\/it\/wp-json\/wp\/v2\/users\/1"}],"replies":[{"embeddable":true,"href":"https:\/\/store.giudansky.com\/it\/wp-json\/wp\/v2\/comments?post=151"}],"version-history":[{"count":4,"href":"https:\/\/store.giudansky.com\/it\/wp-json\/wp\/v2\/pages\/151\/revisions"}],"predecessor-version":[{"id":287,"href":"https:\/\/store.giudansky.com\/it\/wp-json\/wp\/v2\/pages\/151\/revisions\/287"}],"wp:attachment":[{"href":"https:\/\/store.giudansky.com\/it\/wp-json\/wp\/v2\/media?parent=151"}],"curies":[{"name":"wp","href":"https:\/\/api.w.org\/{rel}","templated":true}]}}