{"id":68,"date":"2016-06-20T09:48:39","date_gmt":"2016-06-20T09:48:39","guid":{"rendered":"http:\/\/store.giudansky.com\/?page_id=68"},"modified":"2016-07-01T23:33:03","modified_gmt":"2016-07-01T23:33:03","slug":"termini-e-istruzioni","status":"publish","type":"page","link":"https:\/\/store.giudansky.com\/it\/termini-e-istruzioni\/","title":{"rendered":"Termini e istruzioni"},"content":{"rendered":"<div id=\"termsCont\">\n<div class=\"scrollable\">\n<h3 id=\"pagamentiTerms\"><span class=\"title\">Ordine e acquisto<\/span><\/h3>\n<div>L&#8217;ordine si effettua solo online.\u00a0 Dopo aver aggiunto i prodotti al carrello, la voce di men\u00f9 corrispondente &#8220;carrello&#8221; reindirizza al riepilogo del tuo ordine, dove potrai modificare le tue scelte e vedere direttamente il totale da pagare.<br \/>\nTutti gli ordini senza conferma di pagamento entro 12 ore, saranno automaticamente annullati.<\/div>\n<h3><span class=\"title\">Pagamenti<\/span><\/h3>\n<\/div>\n<div class=\"scrollable\">\n<div>Tutti i pagamenti avvengono tramite il sistema sicuro Paypal. Puoi pagare sia con l&#8217;account paypal sia con la carta di credito, senza doverti necessariamente registrare. In entrambi i casi la transazione e la conferma di pagamento avviene sempre e solo sul sito sicuro di Paypal: non veniamo mai a conoscenza ne dei tuoi dati di accesso paypal ne del tuo numero di carta di credito.<\/div>\n<div>Paypal effettua il tuo pagamento con la massima sicurezza, per maggiori informazioni leggi <a href=\"http:\/\/paypal.com\" target=\"_blank\">qui<\/a>.<\/div>\n<h3 id=\"spedizioniTerms\"><span class=\"title\">Consegna<\/span><\/h3>\n<div id=\"resiTerms\">Non spediamo alcun prodotto. La transazione prevede l&#8217;immediato download digitale delle tavole acquistate, tramite link. Il link per il download che viene spedito al vostro indirizzo ha una scadenza di 3 giorni per l&#8217;acquisto in versione &#8220;<em>attuale<\/em>&#8221; e illimitata per l&#8217;acquisto in versione &#8220;<em>evolution<\/em>&#8220;.<\/div>\n<h3><span class=\"title\">Sostituzione e rimborsi<\/span><\/h3>\n<div>Se hai problemi con il file puoi contattarci e provvederemo a inviarlo nuovamente tramite il sito o manualmente tramite l&#8217;email di supporto. Se non sei soddisfatto possiamo rimborsare l&#8217;ammontare versato ma dovrai eliminare la tua copia digitale del prodotto.<\/div>\n<h3>Tipi di acquisto e licenza di utilizzo<\/h3>\n<\/div>\n<div>\n<p>Puoi acquisire la tavola in versione <strong><em>attuale<\/em> <\/strong>o <strong><em>evoluta<\/em><\/strong>. La <em>attuale<\/em> ha un costo minimo e ti d\u00e0 la possibilit\u00e0 di scaricare tramite link entro 3 giorni la versione corrente della tavola. <em>Evoluta<\/em> invece ti da la possibilit\u00e0 di scaricare gli eventuali futuri aggiornamenti della grafica, senza scadenza del tuo download personale.<\/p>\n<p>L&#8217;acquisto del file in formato digitale ti consente di stampare in autonomia la tavola nel formato che preferisci, sul supporto che preferisci, quante volte vuoi. Per utilizzo personale.<\/p>\n<p>Se invece vuoi distribuire, modificare, pubblicare o commercializzare le grafiche devi acquisire la versione commerciale della tavola, ti chiediamo in tal caso di <a href=\"http:\/\/store.giudansky.com\/contatti\/\">contattarci<\/a>.<\/p>\n<p>Alcune tavole prevedono la possibilit\u00e0 di richiedere la versione localizzata personalizzata, <a href=\"http:\/\/store.giudansky.com\/contatti\/\">contattarci<\/a> per saperne di pi\u00f9.<\/p>\n<h3><span class=\"title\">Protezione del diritto d&#8217;autore<\/span><\/h3>\n<div>\u00c8 vietata ogni riproduzione totale o parziale di qualsiasi tipologia di testo, immagine o altro presente in questo sito. Ogni riproduzione e commercializzazione non espressamente autorizzata viola la legge 22 aprile 1941 n. 633 e successive modificazioni, e le norme della Comunit\u00e0 Europea sul diritto d&#8217;autore ed \u00e8 pertanto perseguibile penalmente.<\/div>\n<div><\/div>\n<div>Ogni tipo di controversia sar\u00e0 affidata al Foro competente.<\/div>\n<\/div>\n<\/div>\n","protected":false},"excerpt":{"rendered":"<p>Ordine e acquisto L&#8217;ordine si effettua solo online.\u00a0 Dopo aver aggiunto i prodotti al carrello, la voce di men\u00f9 corrispondente &#8220;carrello&#8221; reindirizza al riepilogo del tuo ordine, dove potrai modificare le tue scelte e vedere direttamente il totale da pagare. Tutti gli ordini senza conferma di pagamento entro 12 ore, saranno automaticamente annullati. Pagamenti Tutti [&hellip;]<\/p>\n","protected":false},"author":1,"featured_media":0,"parent":0,"menu_order":0,"comment_status":"closed","ping_status":"closed","template":"","meta":{"jetpack_post_was_ever_published":false,"footnotes":""},"class_list":["post-68","page","type-page","status-publish","hentry"],"yoast_head":"<!-- This site is optimized with the Yoast SEO plugin v27.3 - https:\/\/yoast.com\/product\/yoast-seo-wordpress\/ -->\n<title>Termini e istruzioni - Learn with a Poster<\/title>\n<meta name=\"description\" content=\"Ordine e acquisto L&#039;ordine si effettua solo online.\u00a0 Dopo aver aggiunto i prodotti al carrello, la voce di men\u00f9 corrispondente &quot;carrello&quot; reindirizza al\" \/>\n<meta name=\"robots\" content=\"index, follow, max-snippet:-1, max-image-preview:large, max-video-preview:-1\" \/>\n<link rel=\"canonical\" href=\"https:\/\/store.giudansky.com\/it\/termini-e-istruzioni\/\" \/>\n<meta property=\"og:locale\" content=\"it_IT\" \/>\n<meta property=\"og:type\" content=\"article\" \/>\n<meta property=\"og:title\" content=\"Termini e istruzioni - Learn with a Poster\" \/>\n<meta property=\"og:description\" content=\"Ordine e acquisto L&#039;ordine si effettua solo online.\u00a0 Dopo aver aggiunto i prodotti al carrello, la voce di men\u00f9 corrispondente &quot;carrello&quot; reindirizza al\" \/>\n<meta property=\"og:url\" content=\"https:\/\/store.giudansky.com\/it\/termini-e-istruzioni\/\" \/>\n<meta property=\"og:site_name\" content=\"Learn with a Poster\" \/>\n<meta property=\"article:modified_time\" content=\"2016-07-01T23:33:03+00:00\" \/>\n<meta name=\"twitter:card\" content=\"summary_large_image\" \/>\n<meta name=\"twitter:label1\" content=\"Tempo di lettura stimato\" \/>\n\t<meta name=\"twitter:data1\" content=\"2 minuti\" \/>\n<script type=\"application\/ld+json\" class=\"yoast-schema-graph\">{\"@context\":\"https:\\\/\\\/schema.org\",\"@graph\":[{\"@type\":\"WebPage\",\"@id\":\"https:\\\/\\\/store.giudansky.com\\\/it\\\/termini-e-istruzioni\\\/\",\"url\":\"https:\\\/\\\/store.giudansky.com\\\/it\\\/termini-e-istruzioni\\\/\",\"name\":\"Termini e istruzioni - Learn with a Poster\",\"isPartOf\":{\"@id\":\"https:\\\/\\\/store.giudansky.com\\\/it\\\/#website\"},\"datePublished\":\"2016-06-20T09:48:39+00:00\",\"dateModified\":\"2016-07-01T23:33:03+00:00\",\"description\":\"Ordine e acquisto L'ordine si effettua solo online.\u00a0 Dopo aver aggiunto i prodotti al carrello, la voce di men\u00f9 corrispondente \\\"carrello\\\" reindirizza al\",\"breadcrumb\":{\"@id\":\"https:\\\/\\\/store.giudansky.com\\\/it\\\/termini-e-istruzioni\\\/#breadcrumb\"},\"inLanguage\":\"it-IT\",\"potentialAction\":[{\"@type\":\"ReadAction\",\"target\":[\"https:\\\/\\\/store.giudansky.com\\\/it\\\/termini-e-istruzioni\\\/\"]}]},{\"@type\":\"BreadcrumbList\",\"@id\":\"https:\\\/\\\/store.giudansky.com\\\/it\\\/termini-e-istruzioni\\\/#breadcrumb\",\"itemListElement\":[{\"@type\":\"ListItem\",\"position\":1,\"name\":\"Home\",\"item\":\"https:\\\/\\\/store.giudansky.com\\\/it\\\/\"},{\"@type\":\"ListItem\",\"position\":2,\"name\":\"Termini e istruzioni\"}]},{\"@type\":\"WebSite\",\"@id\":\"https:\\\/\\\/store.giudansky.com\\\/it\\\/#website\",\"url\":\"https:\\\/\\\/store.giudansky.com\\\/it\\\/\",\"name\":\"Learn with a Poster\",\"description\":\"All the knowledge in a single infographic poster\",\"publisher\":{\"@id\":\"https:\\\/\\\/store.giudansky.com\\\/it\\\/#organization\"},\"potentialAction\":[{\"@type\":\"SearchAction\",\"target\":{\"@type\":\"EntryPoint\",\"urlTemplate\":\"https:\\\/\\\/store.giudansky.com\\\/it\\\/?s={search_term_string}\"},\"query-input\":{\"@type\":\"PropertyValueSpecification\",\"valueRequired\":true,\"valueName\":\"search_term_string\"}}],\"inLanguage\":\"it-IT\"},{\"@type\":\"Organization\",\"@id\":\"https:\\\/\\\/store.giudansky.com\\\/it\\\/#organization\",\"name\":\"Learn with a Poster\",\"url\":\"https:\\\/\\\/store.giudansky.com\\\/it\\\/\",\"logo\":{\"@type\":\"ImageObject\",\"inLanguage\":\"it-IT\",\"@id\":\"https:\\\/\\\/store.giudansky.com\\\/it\\\/#\\\/schema\\\/logo\\\/image\\\/\",\"url\":\"https:\\\/\\\/store.giudansky.com\\\/wp-content\\\/uploads\\\/2016\\\/06\\\/icona-learnposter.png\",\"contentUrl\":\"https:\\\/\\\/store.giudansky.com\\\/wp-content\\\/uploads\\\/2016\\\/06\\\/icona-learnposter.png\",\"width\":283,\"height\":283,\"caption\":\"Learn with a Poster\"},\"image\":{\"@id\":\"https:\\\/\\\/store.giudansky.com\\\/it\\\/#\\\/schema\\\/logo\\\/image\\\/\"}}]}<\/script>\n<!-- \/ Yoast SEO plugin. -->","yoast_head_json":{"title":"Termini e istruzioni - Learn with a Poster","description":"Ordine e acquisto L'ordine si effettua solo online.\u00a0 Dopo aver aggiunto i prodotti al carrello, la voce di men\u00f9 corrispondente \"carrello\" reindirizza al","robots":{"index":"index","follow":"follow","max-snippet":"max-snippet:-1","max-image-preview":"max-image-preview:large","max-video-preview":"max-video-preview:-1"},"canonical":"https:\/\/store.giudansky.com\/it\/termini-e-istruzioni\/","og_locale":"it_IT","og_type":"article","og_title":"Termini e istruzioni - Learn with a Poster","og_description":"Ordine e acquisto L'ordine si effettua solo online.\u00a0 Dopo aver aggiunto i prodotti al carrello, la voce di men\u00f9 corrispondente \"carrello\" reindirizza al","og_url":"https:\/\/store.giudansky.com\/it\/termini-e-istruzioni\/","og_site_name":"Learn with a Poster","article_modified_time":"2016-07-01T23:33:03+00:00","twitter_card":"summary_large_image","twitter_misc":{"Tempo di lettura stimato":"2 minuti"},"schema":{"@context":"https:\/\/schema.org","@graph":[{"@type":"WebPage","@id":"https:\/\/store.giudansky.com\/it\/termini-e-istruzioni\/","url":"https:\/\/store.giudansky.com\/it\/termini-e-istruzioni\/","name":"Termini e istruzioni - Learn with a Poster","isPartOf":{"@id":"https:\/\/store.giudansky.com\/it\/#website"},"datePublished":"2016-06-20T09:48:39+00:00","dateModified":"2016-07-01T23:33:03+00:00","description":"Ordine e acquisto L'ordine si effettua solo online.\u00a0 Dopo aver aggiunto i prodotti al carrello, la voce di men\u00f9 corrispondente \"carrello\" reindirizza al","breadcrumb":{"@id":"https:\/\/store.giudansky.com\/it\/termini-e-istruzioni\/#breadcrumb"},"inLanguage":"it-IT","potentialAction":[{"@type":"ReadAction","target":["https:\/\/store.giudansky.com\/it\/termini-e-istruzioni\/"]}]},{"@type":"BreadcrumbList","@id":"https:\/\/store.giudansky.com\/it\/termini-e-istruzioni\/#breadcrumb","itemListElement":[{"@type":"ListItem","position":1,"name":"Home","item":"https:\/\/store.giudansky.com\/it\/"},{"@type":"ListItem","position":2,"name":"Termini e istruzioni"}]},{"@type":"WebSite","@id":"https:\/\/store.giudansky.com\/it\/#website","url":"https:\/\/store.giudansky.com\/it\/","name":"Learn with a Poster","description":"All the knowledge in a single infographic poster","publisher":{"@id":"https:\/\/store.giudansky.com\/it\/#organization"},"potentialAction":[{"@type":"SearchAction","target":{"@type":"EntryPoint","urlTemplate":"https:\/\/store.giudansky.com\/it\/?s={search_term_string}"},"query-input":{"@type":"PropertyValueSpecification","valueRequired":true,"valueName":"search_term_string"}}],"inLanguage":"it-IT"},{"@type":"Organization","@id":"https:\/\/store.giudansky.com\/it\/#organization","name":"Learn with a Poster","url":"https:\/\/store.giudansky.com\/it\/","logo":{"@type":"ImageObject","inLanguage":"it-IT","@id":"https:\/\/store.giudansky.com\/it\/#\/schema\/logo\/image\/","url":"https:\/\/store.giudansky.com\/wp-content\/uploads\/2016\/06\/icona-learnposter.png","contentUrl":"https:\/\/store.giudansky.com\/wp-content\/uploads\/2016\/06\/icona-learnposter.png","width":283,"height":283,"caption":"Learn with a Poster"},"image":{"@id":"https:\/\/store.giudansky.com\/it\/#\/schema\/logo\/image\/"}}]}},"jetpack_sharing_enabled":true,"jetpack_shortlink":"https:\/\/wp.me\/P7EC7d-16","jetpack-related-posts":[{"id":77,"url":"https:\/\/store.giudansky.com\/it\/privacy-policy\/","url_meta":{"origin":68,"position":0},"title":"Privacy Policy","author":"giuliano","date":"1 Luglio 2016","format":false,"excerpt":"Informazioni sulla privacy e GDPR Chi siamo Siamo designer e vendiamo poster illustrati qui su http:\/\/store.giudansky.com. L'indirizzo di \"Learn with a Poster\" \u00e8 P.zza San Michele, 3 58100 Grosseto, ITALIA. Per ogni problema relativo alle tue informazioni personali puoi contattare info@store.giudansky.com. I tuoi diritti sui dati personali Se hai un\u2026","rel":"","context":"Articolo simile","block_context":{"text":"Articolo simile","link":""},"img":{"alt_text":"","src":"","width":0,"height":0},"classes":[]},{"id":151,"url":"https:\/\/store.giudansky.com\/it\/about\/","url_meta":{"origin":68,"position":1},"title":"About","author":"giuliano","date":"5 Luglio 2016","format":false,"excerpt":"\"Learn with a Poster\" \u00e8 un idea di giudansky.com. Che cos'\u00e8 \"Learn with a poster\"? Tutto ci\u00f2 di cui hai bisogno che ami, in un'unica mappa. Cosa significa? Che vogliamo creare le mappe mentali e gli appunti perfetti, tutto in un unico foglio. Un poster infografica che deve essere utile\u2026","rel":"","context":"Articolo simile","block_context":{"text":"Articolo simile","link":""},"img":{"alt_text":"","src":"","width":0,"height":0},"classes":[]},{"id":1408,"url":"https:\/\/store.giudansky.com\/it\/","url_meta":{"origin":68,"position":2},"title":"Home","author":"giuliano","date":"18 Marzo 2021","format":false,"excerpt":"Tutto ci\u00f2 che ami in un'unica mappa In evidenza Nota Importante: Autenticit\u00e0, Qualit\u00e0 e Scelta Ecologica L'unica fonte ufficiale con le infografiche di LWAP \u00e8 questo sito web: store.giudansky.com. Non esistono altre forme autorizzate o licenze, se non questo formato digitale. Abusi: Gli oggetti e il merchandising non autorizzato che\u2026","rel":"","context":"Articolo simile","block_context":{"text":"Articolo simile","link":""},"img":{"alt_text":"","src":"https:\/\/i0.wp.com\/store.giudansky.com\/wp-content\/uploads\/2016\/06\/learn-with-a-poster-head-logo.png?resize=350%2C200&ssl=1","width":350,"height":200,"srcset":"https:\/\/i0.wp.com\/store.giudansky.com\/wp-content\/uploads\/2016\/06\/learn-with-a-poster-head-logo.png?resize=350%2C200&ssl=1 1x, https:\/\/i0.wp.com\/store.giudansky.com\/wp-content\/uploads\/2016\/06\/learn-with-a-poster-head-logo.png?resize=525%2C300&ssl=1 1.5x, https:\/\/i0.wp.com\/store.giudansky.com\/wp-content\/uploads\/2016\/06\/learn-with-a-poster-head-logo.png?resize=700%2C400&ssl=1 2x"},"classes":[]}],"_links":{"self":[{"href":"https:\/\/store.giudansky.com\/it\/wp-json\/wp\/v2\/pages\/68","targetHints":{"allow":["GET"]}}],"collection":[{"href":"https:\/\/store.giudansky.com\/it\/wp-json\/wp\/v2\/pages"}],"about":[{"href":"https:\/\/store.giudansky.com\/it\/wp-json\/wp\/v2\/types\/page"}],"author":[{"embeddable":true,"href":"https:\/\/store.giudansky.com\/it\/wp-json\/wp\/v2\/users\/1"}],"replies":[{"embeddable":true,"href":"https:\/\/store.giudansky.com\/it\/wp-json\/wp\/v2\/comments?post=68"}],"version-history":[{"count":5,"href":"https:\/\/store.giudansky.com\/it\/wp-json\/wp\/v2\/pages\/68\/revisions"}],"predecessor-version":[{"id":82,"href":"https:\/\/store.giudansky.com\/it\/wp-json\/wp\/v2\/pages\/68\/revisions\/82"}],"wp:attachment":[{"href":"https:\/\/store.giudansky.com\/it\/wp-json\/wp\/v2\/media?parent=68"}],"curies":[{"name":"wp","href":"https:\/\/api.w.org\/{rel}","templated":true}]}}