{"id":30,"date":"2016-06-16T16:42:02","date_gmt":"2016-06-16T16:42:02","guid":{"rendered":"http:\/\/store.giudansky.com\/?post_type=product&#038;p=30"},"modified":"2025-10-21T08:54:16","modified_gmt":"2025-10-21T08:54:16","slug":"vuoi-fare-vela-poster","status":"publish","type":"product","link":"https:\/\/store.giudansky.com\/it\/product\/vuoi-fare-vela-poster\/","title":{"rendered":"Poster Vuoi Fare Vela?"},"content":{"rendered":"<p>Tutta la vela in un poster infografica. Colleziona tutta la tua passione per il mare e la vela e appendila al muro della tua stanza o in barca! Realizzata con la collaborazione e consulenza di <a href=\"http:\/\/www.vuoifarevela.com\" target=\"_blank\" rel=\"noopener noreferrer\">Vuoi Fare Vela?<\/a> da istruttori di vela qualificati.<\/p>\n<p>Acquista il poster in formato<strong> download digitale<\/strong> corrispondente ad una risoluzione di (70 x 100 cm), 300 dpi. Stampabile in qualsiasi dimensione.<\/p>\n<p>La tavola \u00e8 sempre in corso di sviluppo. Se acquisti la versione &#8220;<em><strong>current<\/strong><\/em>&#8220;, avrai l&#8217;ultima versione aggiornata. Se acquisti la versione &#8220;<em><strong>advanced<\/strong><\/em>&#8220;, potrai scaricare anche gli aggiornamenti futuri. Il tuo acquisto incoragger\u00e0 lo sviluppo del poster. <a href=\"http:\/\/store.giudansky.com\/about\/\">Approfondisci<\/a><\/p>\n<p>Tutte le copie che vuoi, per uso personale (No comm, no adv). <a href=\"http:\/\/store.giudansky.com\/termini-e-istruzioni\/\">Leggi qui termini e condizioni.<\/a><\/p>\n<h3>Lo vuoi gratis?<\/h3>\n<p>Se lo compri vogliamo essere sicuri che lo ami cos\u00ec tanto. Questo lavoro \u00e8 frutto di tanto tempo e passione ma \u00e8 nato per rimanere free. Puoi scaricarlo ad una risoluzione decente che ti consentir\u00e0 di leggere tutto il contenuto al link che segue:\u00a0<a href=\"http:\/\/www.vuoifarevela.com\/vela-scuola-gite\/969-vela-poster\" target=\"_blank\" rel=\"noopener noreferrer\">Vuoi Fare Vela? Tutta la vela in un poster<\/a>. Solo per utilizzo personale, non commerciale o pubblicitario. Non \u00e8 autorizzata la riproduzione.<\/p>\n<h3>Richiedi la tua versione localizzata personalizzata<\/h3>\n<p>Alcune informazioni in alcuni dettagli del poster sono localizzate sul porto base (Porto della Maremma, Toscana, Italia). E&#8217; possibile richiedere una versione personalizzata con la posizione e le sagome delle isole. Cos\u00ec come per la direzione dei venti. Richiedere info a <a href=\"mailto:info@store.giudansky.com\">info@store.giudansky.com<\/a><\/p>\n<h3>Copyright e info<\/h3>\n<p>Il poster \u00e8 realizzato da Giuliano e Samuel D&#8217;Angelo. \u00a9 2016. <a href=\"http:\/\/www.giudansky.com\">giudansky.com<\/a> vuoifarevela.com. Gli iscritti ai corsi di vela e alle uscite in mare di vuoifarevela.com lo riceveranno in omaggio.<\/p>\n<p><span title=\"Gli iscritti ai corsi di vela e alle uscite in mare di vuoifarevela.com lo riceveranno in omaggio.\">Puoi leggere i post sui lavori in corso e seguire gli aggiornamenti su questo e altri lavori su <a href=\"http:\/\/www.giudansky.com\">http:\/\/www.giudansky.com.<\/a> <\/span>Seguici sui social per aggiornamenti e novit\u00e0.<\/p>\n<p class=\"wpview-selection-before\">\n","protected":false},"excerpt":{"rendered":"<p>Tutta la vela in un poster infografica. Colleziona tutta la tua passione per il mare e le nozioni fondamentali della vela. Appendila in barca!<\/p>\n<p><span id=\"result_box\" class=\"\" lang=\"en\" tabindex=\"-1\">Download digitale immediato. <\/span><\/p>\n","protected":false},"featured_media":7923,"template":"","meta":{"jetpack_post_was_ever_published":false},"product_brand":[],"product_cat":[18],"product_tag":[7,22,9],"class_list":{"0":"post-30","1":"product","2":"type-product","3":"status-publish","4":"has-post-thumbnail","6":"product_cat-learn-with-a-poster","7":"product_tag-infographic","8":"product_tag-poster-en","9":"product_tag-sailing","11":"first","12":"instock","13":"featured","14":"taxable","15":"shipping-taxable","16":"purchasable","17":"product-type-variable"},"yoast_head":"<!-- This site is optimized with the Yoast SEO plugin v27.3 - https:\/\/yoast.com\/product\/yoast-seo-wordpress\/ -->\n<title>Tutta la vela e la navigazione in un poster<\/title>\n<meta name=\"description\" content=\"Tutta la vela in un poster infografica. Colleziona tutta la tua passione per il mare e le nozioni fondamentali della vela. Appendila in barca!  Download digitale immediato.\" \/>\n<meta name=\"robots\" content=\"index, follow, max-snippet:-1, max-image-preview:large, max-video-preview:-1\" \/>\n<link rel=\"canonical\" href=\"https:\/\/store.giudansky.com\/it\/product\/vuoi-fare-vela-poster\/\" \/>\n<meta property=\"og:locale\" content=\"it_IT\" \/>\n<meta property=\"og:type\" content=\"article\" \/>\n<meta property=\"og:title\" content=\"Tutta la vela e la navigazione in un poster\" \/>\n<meta property=\"og:description\" content=\"Tutta la vela in un poster infografica. Colleziona tutta la tua passione per il mare e le nozioni fondamentali della vela. Appendila in barca!  Download digitale immediato.\" \/>\n<meta property=\"og:url\" content=\"https:\/\/store.giudansky.com\/it\/product\/vuoi-fare-vela-poster\/\" \/>\n<meta property=\"og:site_name\" content=\"Learn with a Poster\" \/>\n<meta property=\"article:modified_time\" content=\"2025-10-21T08:54:16+00:00\" \/>\n<meta property=\"og:image\" content=\"https:\/\/store.giudansky.com\/wp-content\/uploads\/2016\/06\/infografic-vfv-ita-medium-1.jpg\" \/>\n\t<meta property=\"og:image:width\" content=\"1626\" \/>\n\t<meta property=\"og:image:height\" content=\"2300\" \/>\n\t<meta property=\"og:image:type\" content=\"image\/jpeg\" \/>\n<meta name=\"twitter:card\" content=\"summary_large_image\" \/>\n<meta name=\"twitter:label1\" content=\"Tempo di lettura stimato\" \/>\n\t<meta name=\"twitter:data1\" content=\"2 minuti\" \/>\n<script type=\"application\/ld+json\" class=\"yoast-schema-graph\">{\"@context\":\"https:\\\/\\\/schema.org\",\"@graph\":[{\"@type\":\"WebPage\",\"@id\":\"https:\\\/\\\/store.giudansky.com\\\/it\\\/product\\\/vuoi-fare-vela-poster\\\/\",\"url\":\"https:\\\/\\\/store.giudansky.com\\\/it\\\/product\\\/vuoi-fare-vela-poster\\\/\",\"name\":\"Tutta la vela e la navigazione in un poster\",\"isPartOf\":{\"@id\":\"https:\\\/\\\/store.giudansky.com\\\/it\\\/#website\"},\"primaryImageOfPage\":{\"@id\":\"https:\\\/\\\/store.giudansky.com\\\/it\\\/product\\\/vuoi-fare-vela-poster\\\/#primaryimage\"},\"image\":{\"@id\":\"https:\\\/\\\/store.giudansky.com\\\/it\\\/product\\\/vuoi-fare-vela-poster\\\/#primaryimage\"},\"thumbnailUrl\":\"https:\\\/\\\/store.giudansky.com\\\/wp-content\\\/uploads\\\/2016\\\/06\\\/infografic-vfv-ita-medium-1.jpg\",\"datePublished\":\"2016-06-16T16:42:02+00:00\",\"dateModified\":\"2025-10-21T08:54:16+00:00\",\"description\":\"Tutta la vela in un poster infografica. Colleziona tutta la tua passione per il mare e le nozioni fondamentali della vela. Appendila in barca! Download digitale immediato.\",\"breadcrumb\":{\"@id\":\"https:\\\/\\\/store.giudansky.com\\\/it\\\/product\\\/vuoi-fare-vela-poster\\\/#breadcrumb\"},\"inLanguage\":\"it-IT\",\"potentialAction\":[{\"@type\":\"ReadAction\",\"target\":[\"https:\\\/\\\/store.giudansky.com\\\/it\\\/product\\\/vuoi-fare-vela-poster\\\/\"]}]},{\"@type\":\"ImageObject\",\"inLanguage\":\"it-IT\",\"@id\":\"https:\\\/\\\/store.giudansky.com\\\/it\\\/product\\\/vuoi-fare-vela-poster\\\/#primaryimage\",\"url\":\"https:\\\/\\\/store.giudansky.com\\\/wp-content\\\/uploads\\\/2016\\\/06\\\/infografic-vfv-ita-medium-1.jpg\",\"contentUrl\":\"https:\\\/\\\/store.giudansky.com\\\/wp-content\\\/uploads\\\/2016\\\/06\\\/infografic-vfv-ita-medium-1.jpg\",\"width\":1626,\"height\":2300},{\"@type\":\"BreadcrumbList\",\"@id\":\"https:\\\/\\\/store.giudansky.com\\\/it\\\/product\\\/vuoi-fare-vela-poster\\\/#breadcrumb\",\"itemListElement\":[{\"@type\":\"ListItem\",\"position\":1,\"name\":\"Home\",\"item\":\"https:\\\/\\\/store.giudansky.com\\\/it\\\/\"},{\"@type\":\"ListItem\",\"position\":2,\"name\":\"Shop\",\"item\":\"https:\\\/\\\/store.giudansky.com\\\/it\\\/shop\\\/\"},{\"@type\":\"ListItem\",\"position\":3,\"name\":\"Poster Vuoi Fare Vela?\"}]},{\"@type\":\"WebSite\",\"@id\":\"https:\\\/\\\/store.giudansky.com\\\/it\\\/#website\",\"url\":\"https:\\\/\\\/store.giudansky.com\\\/it\\\/\",\"name\":\"Learn with a Poster\",\"description\":\"All the knowledge in a single infographic poster\",\"publisher\":{\"@id\":\"https:\\\/\\\/store.giudansky.com\\\/it\\\/#organization\"},\"potentialAction\":[{\"@type\":\"SearchAction\",\"target\":{\"@type\":\"EntryPoint\",\"urlTemplate\":\"https:\\\/\\\/store.giudansky.com\\\/it\\\/?s={search_term_string}\"},\"query-input\":{\"@type\":\"PropertyValueSpecification\",\"valueRequired\":true,\"valueName\":\"search_term_string\"}}],\"inLanguage\":\"it-IT\"},{\"@type\":\"Organization\",\"@id\":\"https:\\\/\\\/store.giudansky.com\\\/it\\\/#organization\",\"name\":\"Learn with a Poster\",\"url\":\"https:\\\/\\\/store.giudansky.com\\\/it\\\/\",\"logo\":{\"@type\":\"ImageObject\",\"inLanguage\":\"it-IT\",\"@id\":\"https:\\\/\\\/store.giudansky.com\\\/it\\\/#\\\/schema\\\/logo\\\/image\\\/\",\"url\":\"https:\\\/\\\/store.giudansky.com\\\/wp-content\\\/uploads\\\/2016\\\/06\\\/icona-learnposter.png\",\"contentUrl\":\"https:\\\/\\\/store.giudansky.com\\\/wp-content\\\/uploads\\\/2016\\\/06\\\/icona-learnposter.png\",\"width\":283,\"height\":283,\"caption\":\"Learn with a Poster\"},\"image\":{\"@id\":\"https:\\\/\\\/store.giudansky.com\\\/it\\\/#\\\/schema\\\/logo\\\/image\\\/\"}}]}<\/script>\n<!-- \/ Yoast SEO plugin. -->","yoast_head_json":{"title":"Tutta la vela e la navigazione in un poster","description":"Tutta la vela in un poster infografica. Colleziona tutta la tua passione per il mare e le nozioni fondamentali della vela. Appendila in barca!  Download digitale immediato.","robots":{"index":"index","follow":"follow","max-snippet":"max-snippet:-1","max-image-preview":"max-image-preview:large","max-video-preview":"max-video-preview:-1"},"canonical":"https:\/\/store.giudansky.com\/it\/product\/vuoi-fare-vela-poster\/","og_locale":"it_IT","og_type":"article","og_title":"Tutta la vela e la navigazione in un poster","og_description":"Tutta la vela in un poster infografica. Colleziona tutta la tua passione per il mare e le nozioni fondamentali della vela. Appendila in barca!  Download digitale immediato.","og_url":"https:\/\/store.giudansky.com\/it\/product\/vuoi-fare-vela-poster\/","og_site_name":"Learn with a Poster","article_modified_time":"2025-10-21T08:54:16+00:00","og_image":[{"width":1626,"height":2300,"url":"https:\/\/store.giudansky.com\/wp-content\/uploads\/2016\/06\/infografic-vfv-ita-medium-1.jpg","type":"image\/jpeg"}],"twitter_card":"summary_large_image","twitter_misc":{"Tempo di lettura stimato":"2 minuti"},"schema":{"@context":"https:\/\/schema.org","@graph":[{"@type":"WebPage","@id":"https:\/\/store.giudansky.com\/it\/product\/vuoi-fare-vela-poster\/","url":"https:\/\/store.giudansky.com\/it\/product\/vuoi-fare-vela-poster\/","name":"Tutta la vela e la navigazione in un poster","isPartOf":{"@id":"https:\/\/store.giudansky.com\/it\/#website"},"primaryImageOfPage":{"@id":"https:\/\/store.giudansky.com\/it\/product\/vuoi-fare-vela-poster\/#primaryimage"},"image":{"@id":"https:\/\/store.giudansky.com\/it\/product\/vuoi-fare-vela-poster\/#primaryimage"},"thumbnailUrl":"https:\/\/store.giudansky.com\/wp-content\/uploads\/2016\/06\/infografic-vfv-ita-medium-1.jpg","datePublished":"2016-06-16T16:42:02+00:00","dateModified":"2025-10-21T08:54:16+00:00","description":"Tutta la vela in un poster infografica. Colleziona tutta la tua passione per il mare e le nozioni fondamentali della vela. Appendila in barca! Download digitale immediato.","breadcrumb":{"@id":"https:\/\/store.giudansky.com\/it\/product\/vuoi-fare-vela-poster\/#breadcrumb"},"inLanguage":"it-IT","potentialAction":[{"@type":"ReadAction","target":["https:\/\/store.giudansky.com\/it\/product\/vuoi-fare-vela-poster\/"]}]},{"@type":"ImageObject","inLanguage":"it-IT","@id":"https:\/\/store.giudansky.com\/it\/product\/vuoi-fare-vela-poster\/#primaryimage","url":"https:\/\/store.giudansky.com\/wp-content\/uploads\/2016\/06\/infografic-vfv-ita-medium-1.jpg","contentUrl":"https:\/\/store.giudansky.com\/wp-content\/uploads\/2016\/06\/infografic-vfv-ita-medium-1.jpg","width":1626,"height":2300},{"@type":"BreadcrumbList","@id":"https:\/\/store.giudansky.com\/it\/product\/vuoi-fare-vela-poster\/#breadcrumb","itemListElement":[{"@type":"ListItem","position":1,"name":"Home","item":"https:\/\/store.giudansky.com\/it\/"},{"@type":"ListItem","position":2,"name":"Shop","item":"https:\/\/store.giudansky.com\/it\/shop\/"},{"@type":"ListItem","position":3,"name":"Poster Vuoi Fare Vela?"}]},{"@type":"WebSite","@id":"https:\/\/store.giudansky.com\/it\/#website","url":"https:\/\/store.giudansky.com\/it\/","name":"Learn with a Poster","description":"All the knowledge in a single infographic poster","publisher":{"@id":"https:\/\/store.giudansky.com\/it\/#organization"},"potentialAction":[{"@type":"SearchAction","target":{"@type":"EntryPoint","urlTemplate":"https:\/\/store.giudansky.com\/it\/?s={search_term_string}"},"query-input":{"@type":"PropertyValueSpecification","valueRequired":true,"valueName":"search_term_string"}}],"inLanguage":"it-IT"},{"@type":"Organization","@id":"https:\/\/store.giudansky.com\/it\/#organization","name":"Learn with a Poster","url":"https:\/\/store.giudansky.com\/it\/","logo":{"@type":"ImageObject","inLanguage":"it-IT","@id":"https:\/\/store.giudansky.com\/it\/#\/schema\/logo\/image\/","url":"https:\/\/store.giudansky.com\/wp-content\/uploads\/2016\/06\/icona-learnposter.png","contentUrl":"https:\/\/store.giudansky.com\/wp-content\/uploads\/2016\/06\/icona-learnposter.png","width":283,"height":283,"caption":"Learn with a Poster"},"image":{"@id":"https:\/\/store.giudansky.com\/it\/#\/schema\/logo\/image\/"}}]}},"jetpack_sharing_enabled":true,"jetpack-related-posts":[{"id":112,"url":"https:\/\/store.giudansky.com\/product\/poster-wanna-sail\/","url_meta":{"origin":30,"position":0},"title":"Poster Wanna Sail?","author":"giuliano","date":"16 Giugno 2016","format":false,"excerpt":"All the sailing in a poster infographic. Collect all your passion for the sea and the notions of sailing. Hang it on your boat! English version. Immediate digital download.","rel":"","context":"Articolo simile","block_context":{"text":"Articolo simile","link":""},"img":{"alt_text":"","src":"https:\/\/i0.wp.com\/store.giudansky.com\/wp-content\/uploads\/2016\/06\/infografic-vfv-eng-medium.jpg?resize=350%2C200&ssl=1","width":350,"height":200,"srcset":"https:\/\/i0.wp.com\/store.giudansky.com\/wp-content\/uploads\/2016\/06\/infografic-vfv-eng-medium.jpg?resize=350%2C200&ssl=1 1x, https:\/\/i0.wp.com\/store.giudansky.com\/wp-content\/uploads\/2016\/06\/infografic-vfv-eng-medium.jpg?resize=525%2C300&ssl=1 1.5x, https:\/\/i0.wp.com\/store.giudansky.com\/wp-content\/uploads\/2016\/06\/infografic-vfv-eng-medium.jpg?resize=700%2C400&ssl=1 2x, https:\/\/i0.wp.com\/store.giudansky.com\/wp-content\/uploads\/2016\/06\/infografic-vfv-eng-medium.jpg?resize=1050%2C600&ssl=1 3x, https:\/\/i0.wp.com\/store.giudansky.com\/wp-content\/uploads\/2016\/06\/infografic-vfv-eng-medium.jpg?resize=1400%2C800&ssl=1 4x"},"classes":[]},{"id":1037,"url":"https:\/\/store.giudansky.com\/it\/product\/poster-bonsai\/","url_meta":{"origin":30,"position":1},"title":"Poster Bonsai","author":"giuliano","date":"29 Marzo 2018","format":false,"excerpt":"Tutte le regole, le tecniche, i suggerimenti e i significati dei bonsai in un'infografica di poster. Tutto il tuo amore per gli alberi e la cura dei bonsai. Lingua: inglese","rel":"","context":"Articolo simile","block_context":{"text":"Articolo simile","link":""},"img":{"alt_text":"","src":"https:\/\/i0.wp.com\/store.giudansky.com\/wp-content\/uploads\/2018\/03\/ilwap-infographic-bonsai-small.jpg?resize=350%2C200&ssl=1","width":350,"height":200,"srcset":"https:\/\/i0.wp.com\/store.giudansky.com\/wp-content\/uploads\/2018\/03\/ilwap-infographic-bonsai-small.jpg?resize=350%2C200&ssl=1 1x, https:\/\/i0.wp.com\/store.giudansky.com\/wp-content\/uploads\/2018\/03\/ilwap-infographic-bonsai-small.jpg?resize=525%2C300&ssl=1 1.5x, https:\/\/i0.wp.com\/store.giudansky.com\/wp-content\/uploads\/2018\/03\/ilwap-infographic-bonsai-small.jpg?resize=700%2C400&ssl=1 2x, https:\/\/i0.wp.com\/store.giudansky.com\/wp-content\/uploads\/2018\/03\/ilwap-infographic-bonsai-small.jpg?resize=1050%2C600&ssl=1 3x"},"classes":[]},{"id":43,"url":"https:\/\/store.giudansky.com\/it\/product\/blender3d-poster\/","url_meta":{"origin":30,"position":2},"title":"Poster Blender 3d","author":"giuliano","date":"17 Giugno 2016","format":false,"excerpt":"Impara ad utilizzare blender 2.8 grazie a questo poster infografica! Tutti gli appunti che servono in un unico foglio. Digital download.","rel":"","context":"Articolo simile","block_context":{"text":"Articolo simile","link":""},"img":{"alt_text":"","src":"https:\/\/i0.wp.com\/store.giudansky.com\/wp-content\/uploads\/2016\/06\/blender-infographic-lowres-preview-3.jpg?resize=350%2C200&ssl=1","width":350,"height":200,"srcset":"https:\/\/i0.wp.com\/store.giudansky.com\/wp-content\/uploads\/2016\/06\/blender-infographic-lowres-preview-3.jpg?resize=350%2C200&ssl=1 1x, https:\/\/i0.wp.com\/store.giudansky.com\/wp-content\/uploads\/2016\/06\/blender-infographic-lowres-preview-3.jpg?resize=525%2C300&ssl=1 1.5x, https:\/\/i0.wp.com\/store.giudansky.com\/wp-content\/uploads\/2016\/06\/blender-infographic-lowres-preview-3.jpg?resize=700%2C400&ssl=1 2x, https:\/\/i0.wp.com\/store.giudansky.com\/wp-content\/uploads\/2016\/06\/blender-infographic-lowres-preview-3.jpg?resize=1050%2C600&ssl=1 3x"},"classes":[]},{"id":3904,"url":"https:\/\/store.giudansky.com\/it\/product\/poster-fotografia\/","url_meta":{"origin":30,"position":3},"title":"Poster Fotografia","author":"giuliano","date":"20 Dicembre 2022","format":false,"excerpt":"Tutto il lavoro di fotocamera in un unico poster infografico Il significato della fotografia, la storia, le impostazioni di base, le regole fondamentali e le scorciatoie, le lunghezze focali, il mirino, lo sviluppo e la stampa, le impostazioni dello studio e le luci artificiali, l'istogramma della luce, la post produzione,\u2026","rel":"","context":"Articolo simile","block_context":{"text":"Articolo simile","link":""},"img":{"alt_text":"","src":"https:\/\/i0.wp.com\/store.giudansky.com\/wp-content\/uploads\/2022\/12\/infographic-photography-small.jpg?resize=350%2C200&ssl=1","width":350,"height":200,"srcset":"https:\/\/i0.wp.com\/store.giudansky.com\/wp-content\/uploads\/2022\/12\/infographic-photography-small.jpg?resize=350%2C200&ssl=1 1x, https:\/\/i0.wp.com\/store.giudansky.com\/wp-content\/uploads\/2022\/12\/infographic-photography-small.jpg?resize=525%2C300&ssl=1 1.5x, https:\/\/i0.wp.com\/store.giudansky.com\/wp-content\/uploads\/2022\/12\/infographic-photography-small.jpg?resize=700%2C400&ssl=1 2x, https:\/\/i0.wp.com\/store.giudansky.com\/wp-content\/uploads\/2022\/12\/infographic-photography-small.jpg?resize=1050%2C600&ssl=1 3x"},"classes":[]},{"id":2790,"url":"https:\/\/store.giudansky.com\/product\/poster-photography\/","url_meta":{"origin":30,"position":4},"title":"Poster Photography","author":"giuliano","date":"20 Dicembre 2022","format":false,"excerpt":"All the camera work on a single frame poster infographic The meaning of photography, history, basic settings, basic rules and shortcuts, focal lengths, viewfinder, developing and printing, studio settings and artificial lights, histogram of light, post production, photographer backpack, storage and backup, prints and formats English version. Immediate digital download.","rel":"","context":"Articolo simile","block_context":{"text":"Articolo simile","link":""},"img":{"alt_text":"","src":"https:\/\/i0.wp.com\/store.giudansky.com\/wp-content\/uploads\/2022\/12\/infographic-photography-small.jpg?resize=350%2C200&ssl=1","width":350,"height":200,"srcset":"https:\/\/i0.wp.com\/store.giudansky.com\/wp-content\/uploads\/2022\/12\/infographic-photography-small.jpg?resize=350%2C200&ssl=1 1x, https:\/\/i0.wp.com\/store.giudansky.com\/wp-content\/uploads\/2022\/12\/infographic-photography-small.jpg?resize=525%2C300&ssl=1 1.5x, https:\/\/i0.wp.com\/store.giudansky.com\/wp-content\/uploads\/2022\/12\/infographic-photography-small.jpg?resize=700%2C400&ssl=1 2x, https:\/\/i0.wp.com\/store.giudansky.com\/wp-content\/uploads\/2022\/12\/infographic-photography-small.jpg?resize=1050%2C600&ssl=1 3x"},"classes":[]},{"id":729,"url":"https:\/\/store.giudansky.com\/product\/poster-bonsai\/","url_meta":{"origin":30,"position":5},"title":"Poster Bonsai","author":"giuliano","date":"29 Marzo 2018","format":false,"excerpt":"All the bonsai rules, techniques, tips and meaning in a poster infographic. All your love for trees and bonsai tree care. English version. Immediate digital download.","rel":"","context":"Articolo simile","block_context":{"text":"Articolo simile","link":""},"img":{"alt_text":"","src":"https:\/\/i0.wp.com\/store.giudansky.com\/wp-content\/uploads\/2018\/03\/ilwap-infographic-bonsai-small.jpg?resize=350%2C200&ssl=1","width":350,"height":200,"srcset":"https:\/\/i0.wp.com\/store.giudansky.com\/wp-content\/uploads\/2018\/03\/ilwap-infographic-bonsai-small.jpg?resize=350%2C200&ssl=1 1x, https:\/\/i0.wp.com\/store.giudansky.com\/wp-content\/uploads\/2018\/03\/ilwap-infographic-bonsai-small.jpg?resize=525%2C300&ssl=1 1.5x, https:\/\/i0.wp.com\/store.giudansky.com\/wp-content\/uploads\/2018\/03\/ilwap-infographic-bonsai-small.jpg?resize=700%2C400&ssl=1 2x, https:\/\/i0.wp.com\/store.giudansky.com\/wp-content\/uploads\/2018\/03\/ilwap-infographic-bonsai-small.jpg?resize=1050%2C600&ssl=1 3x"},"classes":[]}],"_links":{"self":[{"href":"https:\/\/store.giudansky.com\/it\/wp-json\/wp\/v2\/product\/30","targetHints":{"allow":["GET"]}}],"collection":[{"href":"https:\/\/store.giudansky.com\/it\/wp-json\/wp\/v2\/product"}],"about":[{"href":"https:\/\/store.giudansky.com\/it\/wp-json\/wp\/v2\/types\/product"}],"wp:featuredmedia":[{"embeddable":true,"href":"https:\/\/store.giudansky.com\/it\/wp-json\/wp\/v2\/media\/7923"}],"wp:attachment":[{"href":"https:\/\/store.giudansky.com\/it\/wp-json\/wp\/v2\/media?parent=30"}],"wp:term":[{"taxonomy":"product_brand","embeddable":true,"href":"https:\/\/store.giudansky.com\/it\/wp-json\/wp\/v2\/product_brand?post=30"},{"taxonomy":"product_cat","embeddable":true,"href":"https:\/\/store.giudansky.com\/it\/wp-json\/wp\/v2\/product_cat?post=30"},{"taxonomy":"product_tag","embeddable":true,"href":"https:\/\/store.giudansky.com\/it\/wp-json\/wp\/v2\/product_tag?post=30"}],"curies":[{"name":"wp","href":"https:\/\/api.w.org\/{rel}","templated":true}]}}