{"id":3904,"date":"2022-12-20T17:02:29","date_gmt":"2023-12-01T17:03:23","guid":{"rendered":"https:\/\/store.giudansky.com\/product\/poster-fotografia\/"},"modified":"2025-06-13T08:12:06","modified_gmt":"2025-06-13T08:12:06","slug":"poster-fotografia","status":"publish","type":"product","link":"https:\/\/store.giudansky.com\/it\/product\/poster-fotografia\/","title":{"rendered":"Poster Fotografia"},"content":{"rendered":"<p>Tutto ci\u00f2 che ami della fotografia in un&#8217;unico, enorme poster infografica: frutto di un lungo lavoro di design, una passione personale e professionale. Come disciplina tecnica ed evoluzione dell&#8217;espressione artistica. Un riferimento visivo alla teoria e ai consigli pratici, con linee guida e appunti personali raccolti durante la mia esperienza sul campo, suggerimenti e note accademiche, materiale dei corsi, idee e molto altro. Acquista il poster come download digitale nel formato completo del poster (circa 70&#215;100 cm, 300 dpi), stampabile in qualsiasi dimensione.<\/p>\n<p>Il poster \u00e8 un lavoro in corso e viene frequentemente aggiornato. Se acquisti la versione &#8220;attuale&#8221;, riceverai l&#8217;ultimo aggiornamento. Se acquisti la versione &#8220;avanzata&#8221;, potrai scaricare gli aggiornamenti futuri. I tuoi acquisti incoraggeranno a migliorare l&#8217;argomento. Scopri di pi\u00f9<\/p>\n<h3>Licenza<\/h3>\n<p>Questo prodotto digitale \u00e8 solo per uso personale. Non per uso commerciale, non per alcun tipo di pubblicit\u00e0, non per distribuzione. Non \u00e8 consentito modificare in alcun modo quest&#8217;opera o ridistribuirla in qualsiasi forma. Puoi stampare tutte le copie che desideri per uso personale (No commerciale, no pubblicit\u00e0, no modifiche). [Leggi i termini e le condizioni della licenza](http:\/\/store.giudansky.com\/en\/terms-and-conditions\/).<\/p>\n<h3>Vuoi averlo gratuitamente?<\/h3>\n<p>Vogliamo essere sicuri che lo acquisti perch\u00e9 lo ami. Questo lavoro \u00e8 il risultato di molto tempo e passione ed \u00e8 stato creato per essere gratuito. Puoi scaricarlo a una risoluzione dello schermo decente che ti consentir\u00e0 di leggere tutto, al seguente link: [Fotografia in un unico frame](https:\/\/www.giudansky.com\/illustration\/infographics\/photography)<\/p>\n<h3><strong>Copyright e informazioni<\/strong><\/h3>\n<p>Il poster \u00e8 stato progettato e firmato da Giuliano D&#8217;Angelo. \u00a9 2022 [giudansky.com](http:\/\/www.giudansky.com) Puoi leggere i post di lavoro in corso e gli aggiornamenti nella sezione [blog](https:\/\/store.giudansky.com\/category\/blog\/) di<a href=\"http:\/\/www.giudansky.com\"> giudansky.com<\/a>. Seguimi per aggiornamenti sui social.<\/p>\n","protected":false},"excerpt":{"rendered":"<p><strong>Tutto il lavoro di fotocamera in un unico poster infografico<\/strong><\/p>\n<p>Il significato della fotografia, la storia, le impostazioni di base, le regole fondamentali e le scorciatoie, le lunghezze focali, il mirino, lo sviluppo e la stampa, le impostazioni dello studio e le luci artificiali, l&#8217;istogramma della luce, la post produzione, lo zaino del fotografo, la memorizzazione e il backup, le stampe e i formati<\/p>\n<p>Versione inglese. Download digitale immediato.<\/p>\n","protected":false},"featured_media":2814,"template":"","meta":{"jetpack_post_was_ever_published":false},"product_brand":[],"product_cat":[18],"product_tag":[],"class_list":{"0":"post-3904","1":"product","2":"type-product","3":"status-publish","4":"has-post-thumbnail","6":"product_cat-learn-with-a-poster","8":"first","9":"instock","10":"featured","11":"taxable","12":"shipping-taxable","13":"purchasable","14":"product-type-variable"},"yoast_head":"<!-- This site is optimized with the Yoast SEO plugin v27.3 - https:\/\/yoast.com\/product\/yoast-seo-wordpress\/ -->\n<title>Poster Fotografia - Learn with a Poster<\/title>\n<meta name=\"description\" content=\"Tutto il lavoro di fotocamera in un unico poster infografico  Il significato della fotografia, la storia, le impostazioni di base, le regole fondamentali e le scorciatoie, le lunghezze focali, il mirino, lo sviluppo e la stampa, le impostazioni dello studio e le luci artificiali, l&#039;istogramma della luce, la post produzione, lo zaino del fotografo, la memorizzazione e il backup, le stampe e i formati  Versione inglese. Download digitale immediato.\" \/>\n<meta name=\"robots\" content=\"index, follow, max-snippet:-1, max-image-preview:large, max-video-preview:-1\" \/>\n<link rel=\"canonical\" href=\"https:\/\/store.giudansky.com\/it\/product\/poster-fotografia\/\" \/>\n<meta property=\"og:locale\" content=\"it_IT\" \/>\n<meta property=\"og:type\" content=\"article\" \/>\n<meta property=\"og:title\" content=\"Poster Fotografia - Learn with a Poster\" \/>\n<meta property=\"og:description\" content=\"Tutto il lavoro di fotocamera in un unico poster infografico  Il significato della fotografia, la storia, le impostazioni di base, le regole fondamentali e le scorciatoie, le lunghezze focali, il mirino, lo sviluppo e la stampa, le impostazioni dello studio e le luci artificiali, l&#039;istogramma della luce, la post produzione, lo zaino del fotografo, la memorizzazione e il backup, le stampe e i formati  Versione inglese. Download digitale immediato.\" \/>\n<meta property=\"og:url\" content=\"https:\/\/store.giudansky.com\/it\/product\/poster-fotografia\/\" \/>\n<meta property=\"og:site_name\" content=\"Learn with a Poster\" \/>\n<meta property=\"article:modified_time\" content=\"2025-06-13T08:12:06+00:00\" \/>\n<meta property=\"og:image\" content=\"https:\/\/store.giudansky.com\/wp-content\/uploads\/2022\/12\/infographic-photography-small.jpg\" \/>\n\t<meta property=\"og:image:width\" content=\"1280\" \/>\n\t<meta property=\"og:image:height\" content=\"1823\" \/>\n\t<meta property=\"og:image:type\" content=\"image\/jpeg\" \/>\n<meta name=\"twitter:card\" content=\"summary_large_image\" \/>\n<meta name=\"twitter:label1\" content=\"Tempo di lettura stimato\" \/>\n\t<meta name=\"twitter:data1\" content=\"2 minuti\" \/>\n<script type=\"application\/ld+json\" class=\"yoast-schema-graph\">{\"@context\":\"https:\\\/\\\/schema.org\",\"@graph\":[{\"@type\":\"WebPage\",\"@id\":\"https:\\\/\\\/store.giudansky.com\\\/it\\\/product\\\/poster-fotografia\\\/\",\"url\":\"https:\\\/\\\/store.giudansky.com\\\/it\\\/product\\\/poster-fotografia\\\/\",\"name\":\"Poster Fotografia - Learn with a Poster\",\"isPartOf\":{\"@id\":\"https:\\\/\\\/store.giudansky.com\\\/it\\\/#website\"},\"primaryImageOfPage\":{\"@id\":\"https:\\\/\\\/store.giudansky.com\\\/it\\\/product\\\/poster-fotografia\\\/#primaryimage\"},\"image\":{\"@id\":\"https:\\\/\\\/store.giudansky.com\\\/it\\\/product\\\/poster-fotografia\\\/#primaryimage\"},\"thumbnailUrl\":\"https:\\\/\\\/store.giudansky.com\\\/wp-content\\\/uploads\\\/2022\\\/12\\\/infographic-photography-small.jpg\",\"datePublished\":\"2023-12-01T17:03:23+00:00\",\"dateModified\":\"2025-06-13T08:12:06+00:00\",\"description\":\"Tutto il lavoro di fotocamera in un unico poster infografico Il significato della fotografia, la storia, le impostazioni di base, le regole fondamentali e le scorciatoie, le lunghezze focali, il mirino, lo sviluppo e la stampa, le impostazioni dello studio e le luci artificiali, l'istogramma della luce, la post produzione, lo zaino del fotografo, la memorizzazione e il backup, le stampe e i formati Versione inglese. Download digitale immediato.\",\"breadcrumb\":{\"@id\":\"https:\\\/\\\/store.giudansky.com\\\/it\\\/product\\\/poster-fotografia\\\/#breadcrumb\"},\"inLanguage\":\"it-IT\",\"potentialAction\":[{\"@type\":\"ReadAction\",\"target\":[\"https:\\\/\\\/store.giudansky.com\\\/it\\\/product\\\/poster-fotografia\\\/\"]}]},{\"@type\":\"ImageObject\",\"inLanguage\":\"it-IT\",\"@id\":\"https:\\\/\\\/store.giudansky.com\\\/it\\\/product\\\/poster-fotografia\\\/#primaryimage\",\"url\":\"https:\\\/\\\/store.giudansky.com\\\/wp-content\\\/uploads\\\/2022\\\/12\\\/infographic-photography-small.jpg\",\"contentUrl\":\"https:\\\/\\\/store.giudansky.com\\\/wp-content\\\/uploads\\\/2022\\\/12\\\/infographic-photography-small.jpg\",\"width\":1280,\"height\":1823},{\"@type\":\"BreadcrumbList\",\"@id\":\"https:\\\/\\\/store.giudansky.com\\\/it\\\/product\\\/poster-fotografia\\\/#breadcrumb\",\"itemListElement\":[{\"@type\":\"ListItem\",\"position\":1,\"name\":\"Home\",\"item\":\"https:\\\/\\\/store.giudansky.com\\\/it\\\/\"},{\"@type\":\"ListItem\",\"position\":2,\"name\":\"Shop\",\"item\":\"https:\\\/\\\/store.giudansky.com\\\/it\\\/shop\\\/\"},{\"@type\":\"ListItem\",\"position\":3,\"name\":\"Poster Fotografia\"}]},{\"@type\":\"WebSite\",\"@id\":\"https:\\\/\\\/store.giudansky.com\\\/it\\\/#website\",\"url\":\"https:\\\/\\\/store.giudansky.com\\\/it\\\/\",\"name\":\"Learn with a Poster\",\"description\":\"All the knowledge in a single infographic poster\",\"publisher\":{\"@id\":\"https:\\\/\\\/store.giudansky.com\\\/it\\\/#organization\"},\"potentialAction\":[{\"@type\":\"SearchAction\",\"target\":{\"@type\":\"EntryPoint\",\"urlTemplate\":\"https:\\\/\\\/store.giudansky.com\\\/it\\\/?s={search_term_string}\"},\"query-input\":{\"@type\":\"PropertyValueSpecification\",\"valueRequired\":true,\"valueName\":\"search_term_string\"}}],\"inLanguage\":\"it-IT\"},{\"@type\":\"Organization\",\"@id\":\"https:\\\/\\\/store.giudansky.com\\\/it\\\/#organization\",\"name\":\"Learn with a Poster\",\"url\":\"https:\\\/\\\/store.giudansky.com\\\/it\\\/\",\"logo\":{\"@type\":\"ImageObject\",\"inLanguage\":\"it-IT\",\"@id\":\"https:\\\/\\\/store.giudansky.com\\\/it\\\/#\\\/schema\\\/logo\\\/image\\\/\",\"url\":\"https:\\\/\\\/store.giudansky.com\\\/wp-content\\\/uploads\\\/2016\\\/06\\\/icona-learnposter.png\",\"contentUrl\":\"https:\\\/\\\/store.giudansky.com\\\/wp-content\\\/uploads\\\/2016\\\/06\\\/icona-learnposter.png\",\"width\":283,\"height\":283,\"caption\":\"Learn with a Poster\"},\"image\":{\"@id\":\"https:\\\/\\\/store.giudansky.com\\\/it\\\/#\\\/schema\\\/logo\\\/image\\\/\"}}]}<\/script>\n<!-- \/ Yoast SEO plugin. -->","yoast_head_json":{"title":"Poster Fotografia - Learn with a Poster","description":"Tutto il lavoro di fotocamera in un unico poster infografico  Il significato della fotografia, la storia, le impostazioni di base, le regole fondamentali e le scorciatoie, le lunghezze focali, il mirino, lo sviluppo e la stampa, le impostazioni dello studio e le luci artificiali, l'istogramma della luce, la post produzione, lo zaino del fotografo, la memorizzazione e il backup, le stampe e i formati  Versione inglese. Download digitale immediato.","robots":{"index":"index","follow":"follow","max-snippet":"max-snippet:-1","max-image-preview":"max-image-preview:large","max-video-preview":"max-video-preview:-1"},"canonical":"https:\/\/store.giudansky.com\/it\/product\/poster-fotografia\/","og_locale":"it_IT","og_type":"article","og_title":"Poster Fotografia - Learn with a Poster","og_description":"Tutto il lavoro di fotocamera in un unico poster infografico  Il significato della fotografia, la storia, le impostazioni di base, le regole fondamentali e le scorciatoie, le lunghezze focali, il mirino, lo sviluppo e la stampa, le impostazioni dello studio e le luci artificiali, l'istogramma della luce, la post produzione, lo zaino del fotografo, la memorizzazione e il backup, le stampe e i formati  Versione inglese. Download digitale immediato.","og_url":"https:\/\/store.giudansky.com\/it\/product\/poster-fotografia\/","og_site_name":"Learn with a Poster","article_modified_time":"2025-06-13T08:12:06+00:00","og_image":[{"width":1280,"height":1823,"url":"https:\/\/store.giudansky.com\/wp-content\/uploads\/2022\/12\/infographic-photography-small.jpg","type":"image\/jpeg"}],"twitter_card":"summary_large_image","twitter_misc":{"Tempo di lettura stimato":"2 minuti"},"schema":{"@context":"https:\/\/schema.org","@graph":[{"@type":"WebPage","@id":"https:\/\/store.giudansky.com\/it\/product\/poster-fotografia\/","url":"https:\/\/store.giudansky.com\/it\/product\/poster-fotografia\/","name":"Poster Fotografia - Learn with a Poster","isPartOf":{"@id":"https:\/\/store.giudansky.com\/it\/#website"},"primaryImageOfPage":{"@id":"https:\/\/store.giudansky.com\/it\/product\/poster-fotografia\/#primaryimage"},"image":{"@id":"https:\/\/store.giudansky.com\/it\/product\/poster-fotografia\/#primaryimage"},"thumbnailUrl":"https:\/\/store.giudansky.com\/wp-content\/uploads\/2022\/12\/infographic-photography-small.jpg","datePublished":"2023-12-01T17:03:23+00:00","dateModified":"2025-06-13T08:12:06+00:00","description":"Tutto il lavoro di fotocamera in un unico poster infografico Il significato della fotografia, la storia, le impostazioni di base, le regole fondamentali e le scorciatoie, le lunghezze focali, il mirino, lo sviluppo e la stampa, le impostazioni dello studio e le luci artificiali, l'istogramma della luce, la post produzione, lo zaino del fotografo, la memorizzazione e il backup, le stampe e i formati Versione inglese. Download digitale immediato.","breadcrumb":{"@id":"https:\/\/store.giudansky.com\/it\/product\/poster-fotografia\/#breadcrumb"},"inLanguage":"it-IT","potentialAction":[{"@type":"ReadAction","target":["https:\/\/store.giudansky.com\/it\/product\/poster-fotografia\/"]}]},{"@type":"ImageObject","inLanguage":"it-IT","@id":"https:\/\/store.giudansky.com\/it\/product\/poster-fotografia\/#primaryimage","url":"https:\/\/store.giudansky.com\/wp-content\/uploads\/2022\/12\/infographic-photography-small.jpg","contentUrl":"https:\/\/store.giudansky.com\/wp-content\/uploads\/2022\/12\/infographic-photography-small.jpg","width":1280,"height":1823},{"@type":"BreadcrumbList","@id":"https:\/\/store.giudansky.com\/it\/product\/poster-fotografia\/#breadcrumb","itemListElement":[{"@type":"ListItem","position":1,"name":"Home","item":"https:\/\/store.giudansky.com\/it\/"},{"@type":"ListItem","position":2,"name":"Shop","item":"https:\/\/store.giudansky.com\/it\/shop\/"},{"@type":"ListItem","position":3,"name":"Poster Fotografia"}]},{"@type":"WebSite","@id":"https:\/\/store.giudansky.com\/it\/#website","url":"https:\/\/store.giudansky.com\/it\/","name":"Learn with a Poster","description":"All the knowledge in a single infographic poster","publisher":{"@id":"https:\/\/store.giudansky.com\/it\/#organization"},"potentialAction":[{"@type":"SearchAction","target":{"@type":"EntryPoint","urlTemplate":"https:\/\/store.giudansky.com\/it\/?s={search_term_string}"},"query-input":{"@type":"PropertyValueSpecification","valueRequired":true,"valueName":"search_term_string"}}],"inLanguage":"it-IT"},{"@type":"Organization","@id":"https:\/\/store.giudansky.com\/it\/#organization","name":"Learn with a Poster","url":"https:\/\/store.giudansky.com\/it\/","logo":{"@type":"ImageObject","inLanguage":"it-IT","@id":"https:\/\/store.giudansky.com\/it\/#\/schema\/logo\/image\/","url":"https:\/\/store.giudansky.com\/wp-content\/uploads\/2016\/06\/icona-learnposter.png","contentUrl":"https:\/\/store.giudansky.com\/wp-content\/uploads\/2016\/06\/icona-learnposter.png","width":283,"height":283,"caption":"Learn with a Poster"},"image":{"@id":"https:\/\/store.giudansky.com\/it\/#\/schema\/logo\/image\/"}}]}},"jetpack_sharing_enabled":true,"jetpack-related-posts":[{"id":1037,"url":"https:\/\/store.giudansky.com\/it\/product\/poster-bonsai\/","url_meta":{"origin":3904,"position":0},"title":"Poster Bonsai","author":"giuliano","date":"29 Marzo 2018","format":false,"excerpt":"Tutte le regole, le tecniche, i suggerimenti e i significati dei bonsai in un'infografica di poster. Tutto il tuo amore per gli alberi e la cura dei bonsai. Lingua: inglese","rel":"","context":"Articolo simile","block_context":{"text":"Articolo simile","link":""},"img":{"alt_text":"","src":"https:\/\/i0.wp.com\/store.giudansky.com\/wp-content\/uploads\/2018\/03\/ilwap-infographic-bonsai-small.jpg?resize=350%2C200&ssl=1","width":350,"height":200,"srcset":"https:\/\/i0.wp.com\/store.giudansky.com\/wp-content\/uploads\/2018\/03\/ilwap-infographic-bonsai-small.jpg?resize=350%2C200&ssl=1 1x, https:\/\/i0.wp.com\/store.giudansky.com\/wp-content\/uploads\/2018\/03\/ilwap-infographic-bonsai-small.jpg?resize=525%2C300&ssl=1 1.5x, https:\/\/i0.wp.com\/store.giudansky.com\/wp-content\/uploads\/2018\/03\/ilwap-infographic-bonsai-small.jpg?resize=700%2C400&ssl=1 2x, https:\/\/i0.wp.com\/store.giudansky.com\/wp-content\/uploads\/2018\/03\/ilwap-infographic-bonsai-small.jpg?resize=1050%2C600&ssl=1 3x"},"classes":[]},{"id":43,"url":"https:\/\/store.giudansky.com\/it\/product\/blender3d-poster\/","url_meta":{"origin":3904,"position":1},"title":"Poster Blender 3d","author":"giuliano","date":"17 Giugno 2016","format":false,"excerpt":"Impara ad utilizzare blender 2.8 grazie a questo poster infografica! Tutti gli appunti che servono in un unico foglio. Digital download.","rel":"","context":"Articolo simile","block_context":{"text":"Articolo simile","link":""},"img":{"alt_text":"","src":"https:\/\/i0.wp.com\/store.giudansky.com\/wp-content\/uploads\/2016\/06\/blender-infographic-lowres-preview-3.jpg?resize=350%2C200&ssl=1","width":350,"height":200,"srcset":"https:\/\/i0.wp.com\/store.giudansky.com\/wp-content\/uploads\/2016\/06\/blender-infographic-lowres-preview-3.jpg?resize=350%2C200&ssl=1 1x, https:\/\/i0.wp.com\/store.giudansky.com\/wp-content\/uploads\/2016\/06\/blender-infographic-lowres-preview-3.jpg?resize=525%2C300&ssl=1 1.5x, https:\/\/i0.wp.com\/store.giudansky.com\/wp-content\/uploads\/2016\/06\/blender-infographic-lowres-preview-3.jpg?resize=700%2C400&ssl=1 2x, https:\/\/i0.wp.com\/store.giudansky.com\/wp-content\/uploads\/2016\/06\/blender-infographic-lowres-preview-3.jpg?resize=1050%2C600&ssl=1 3x"},"classes":[]},{"id":30,"url":"https:\/\/store.giudansky.com\/it\/product\/vuoi-fare-vela-poster\/","url_meta":{"origin":3904,"position":2},"title":"Poster Vuoi Fare Vela?","author":"giuliano","date":"16 Giugno 2016","format":false,"excerpt":"Tutta la vela in un poster infografica. Colleziona tutta la tua passione per il mare e le nozioni fondamentali della vela. Appendila in barca! Download digitale immediato.","rel":"","context":"Articolo simile","block_context":{"text":"Articolo simile","link":""},"img":{"alt_text":"","src":"https:\/\/i0.wp.com\/store.giudansky.com\/wp-content\/uploads\/2016\/06\/infografic-vfv-ita-medium-1.jpg?resize=350%2C200&ssl=1","width":350,"height":200,"srcset":"https:\/\/i0.wp.com\/store.giudansky.com\/wp-content\/uploads\/2016\/06\/infografic-vfv-ita-medium-1.jpg?resize=350%2C200&ssl=1 1x, https:\/\/i0.wp.com\/store.giudansky.com\/wp-content\/uploads\/2016\/06\/infografic-vfv-ita-medium-1.jpg?resize=525%2C300&ssl=1 1.5x, https:\/\/i0.wp.com\/store.giudansky.com\/wp-content\/uploads\/2016\/06\/infografic-vfv-ita-medium-1.jpg?resize=700%2C400&ssl=1 2x, https:\/\/i0.wp.com\/store.giudansky.com\/wp-content\/uploads\/2016\/06\/infografic-vfv-ita-medium-1.jpg?resize=1050%2C600&ssl=1 3x, https:\/\/i0.wp.com\/store.giudansky.com\/wp-content\/uploads\/2016\/06\/infografic-vfv-ita-medium-1.jpg?resize=1400%2C800&ssl=1 4x"},"classes":[]},{"id":112,"url":"https:\/\/store.giudansky.com\/product\/poster-wanna-sail\/","url_meta":{"origin":3904,"position":3},"title":"Poster Wanna Sail?","author":"giuliano","date":"16 Giugno 2016","format":false,"excerpt":"All the sailing in a poster infographic. Collect all your passion for the sea and the notions of sailing. Hang it on your boat! English version. Immediate digital download.","rel":"","context":"Articolo simile","block_context":{"text":"Articolo simile","link":""},"img":{"alt_text":"","src":"https:\/\/i0.wp.com\/store.giudansky.com\/wp-content\/uploads\/2016\/06\/infografic-vfv-eng-medium.jpg?resize=350%2C200&ssl=1","width":350,"height":200,"srcset":"https:\/\/i0.wp.com\/store.giudansky.com\/wp-content\/uploads\/2016\/06\/infografic-vfv-eng-medium.jpg?resize=350%2C200&ssl=1 1x, https:\/\/i0.wp.com\/store.giudansky.com\/wp-content\/uploads\/2016\/06\/infografic-vfv-eng-medium.jpg?resize=525%2C300&ssl=1 1.5x, https:\/\/i0.wp.com\/store.giudansky.com\/wp-content\/uploads\/2016\/06\/infografic-vfv-eng-medium.jpg?resize=700%2C400&ssl=1 2x, https:\/\/i0.wp.com\/store.giudansky.com\/wp-content\/uploads\/2016\/06\/infografic-vfv-eng-medium.jpg?resize=1050%2C600&ssl=1 3x, https:\/\/i0.wp.com\/store.giudansky.com\/wp-content\/uploads\/2016\/06\/infografic-vfv-eng-medium.jpg?resize=1400%2C800&ssl=1 4x"},"classes":[]},{"id":729,"url":"https:\/\/store.giudansky.com\/product\/poster-bonsai\/","url_meta":{"origin":3904,"position":4},"title":"Poster Bonsai","author":"giuliano","date":"29 Marzo 2018","format":false,"excerpt":"All the bonsai rules, techniques, tips and meaning in a poster infographic. All your love for trees and bonsai tree care. English version. Immediate digital download.","rel":"","context":"Articolo simile","block_context":{"text":"Articolo simile","link":""},"img":{"alt_text":"","src":"https:\/\/i0.wp.com\/store.giudansky.com\/wp-content\/uploads\/2018\/03\/ilwap-infographic-bonsai-small.jpg?resize=350%2C200&ssl=1","width":350,"height":200,"srcset":"https:\/\/i0.wp.com\/store.giudansky.com\/wp-content\/uploads\/2018\/03\/ilwap-infographic-bonsai-small.jpg?resize=350%2C200&ssl=1 1x, https:\/\/i0.wp.com\/store.giudansky.com\/wp-content\/uploads\/2018\/03\/ilwap-infographic-bonsai-small.jpg?resize=525%2C300&ssl=1 1.5x, https:\/\/i0.wp.com\/store.giudansky.com\/wp-content\/uploads\/2018\/03\/ilwap-infographic-bonsai-small.jpg?resize=700%2C400&ssl=1 2x, https:\/\/i0.wp.com\/store.giudansky.com\/wp-content\/uploads\/2018\/03\/ilwap-infographic-bonsai-small.jpg?resize=1050%2C600&ssl=1 3x"},"classes":[]},{"id":106,"url":"https:\/\/store.giudansky.com\/product\/blender3d-poster\/","url_meta":{"origin":3904,"position":5},"title":"Poster Blender 3d","author":"giuliano","date":"17 Giugno 2016","format":false,"excerpt":"Learn Blender 3d with a poster infographic! All the notes, tips and shorcuts in a single sheet map. Digital download.","rel":"","context":"Articolo simile","block_context":{"text":"Articolo simile","link":""},"img":{"alt_text":"","src":"https:\/\/i0.wp.com\/store.giudansky.com\/wp-content\/uploads\/2016\/06\/blender-infographic-lowres-preview-3.jpg?resize=350%2C200&ssl=1","width":350,"height":200,"srcset":"https:\/\/i0.wp.com\/store.giudansky.com\/wp-content\/uploads\/2016\/06\/blender-infographic-lowres-preview-3.jpg?resize=350%2C200&ssl=1 1x, https:\/\/i0.wp.com\/store.giudansky.com\/wp-content\/uploads\/2016\/06\/blender-infographic-lowres-preview-3.jpg?resize=525%2C300&ssl=1 1.5x, https:\/\/i0.wp.com\/store.giudansky.com\/wp-content\/uploads\/2016\/06\/blender-infographic-lowres-preview-3.jpg?resize=700%2C400&ssl=1 2x, https:\/\/i0.wp.com\/store.giudansky.com\/wp-content\/uploads\/2016\/06\/blender-infographic-lowres-preview-3.jpg?resize=1050%2C600&ssl=1 3x"},"classes":[]}],"_links":{"self":[{"href":"https:\/\/store.giudansky.com\/it\/wp-json\/wp\/v2\/product\/3904","targetHints":{"allow":["GET"]}}],"collection":[{"href":"https:\/\/store.giudansky.com\/it\/wp-json\/wp\/v2\/product"}],"about":[{"href":"https:\/\/store.giudansky.com\/it\/wp-json\/wp\/v2\/types\/product"}],"wp:featuredmedia":[{"embeddable":true,"href":"https:\/\/store.giudansky.com\/it\/wp-json\/wp\/v2\/media\/2814"}],"wp:attachment":[{"href":"https:\/\/store.giudansky.com\/it\/wp-json\/wp\/v2\/media?parent=3904"}],"wp:term":[{"taxonomy":"product_brand","embeddable":true,"href":"https:\/\/store.giudansky.com\/it\/wp-json\/wp\/v2\/product_brand?post=3904"},{"taxonomy":"product_cat","embeddable":true,"href":"https:\/\/store.giudansky.com\/it\/wp-json\/wp\/v2\/product_cat?post=3904"},{"taxonomy":"product_tag","embeddable":true,"href":"https:\/\/store.giudansky.com\/it\/wp-json\/wp\/v2\/product_tag?post=3904"}],"curies":[{"name":"wp","href":"https:\/\/api.w.org\/{rel}","templated":true}]}}