{"id":43,"date":"2016-06-17T15:17:20","date_gmt":"2016-06-17T15:17:20","guid":{"rendered":"http:\/\/store.giudansky.com\/prodotto\/blender3d-poster\/"},"modified":"2025-07-27T15:46:13","modified_gmt":"2025-07-27T15:46:13","slug":"blender3d-poster","status":"publish","type":"product","link":"https:\/\/store.giudansky.com\/it\/product\/blender3d-poster\/","title":{"rendered":"Poster Blender 3d"},"content":{"rendered":"<p><strong>Nuova versione per Blender 2.8!<\/strong><\/p>\n<p>Impara ad utilizzare Blender 3d con un poster! Tutto quello che ti serve del tuo pacchetto di modellazione preferito, una mappa mentale da tenere a portata di mano per accedere alle tante funzioni e non scordare nulla.<\/p>\n<p>Adatto sia a chi inizia ad imparare il software sia a chi \u00e8 gi\u00e0 un utente avanzato; per non dimenticare nulla e\u00a0 tenere a portata di mano la funzione che serve quando serve. Frutto di mesi di utilizzo diretto del software.<\/p>\n<p>Trovi centinaia di trucchi e suggerimenti messi al posto giusto. Ti sembra troppo complesso? Ricorda che &#8220;size matters&#8221;: l&#8217;utilit\u00e0 delle funzioni \u00e8 organizzata gerarchicamente in basa alle dimensioni della grafica! <strong>Appendila al muro della tuo studio o tienilo sulla scrivania.<\/strong><\/p>\n<p>La tavola \u00e8 sempre in corso di sviluppo. Se acquisti la versione &#8220;<em><strong>current<\/strong><\/em>&#8220;, avrai l&#8217;ultima versione aggiornata. Se acquisti la versione &#8220;<em><strong>advanced<\/strong><\/em>&#8220;, potrai scaricare anche gli aggiornamenti futuri. Il tuo acquisto incoragger\u00e0 lo sviluppo del poster. <a href=\"http:\/\/store.giudansky.com\/about\/\">Approfondisci<\/a><\/p>\n<p>Tutte le copie che vuoi, per uso personale (No comm, no adv). <a href=\"http:\/\/store.giudansky.com\/termini-e-istruzioni\/\">Leggi qui termini e condizioni.<\/a><\/p>\n<h3>Aggiornamenti recenti<\/h3>\n<p><a href=\"https:\/\/store.giudansky.com\/category\/blog\/\">Segui la sezione blog <\/a>per i dettagli sugli ultimi updates.<strong><br \/>\n<\/strong><\/p>\n<h3>Lo vuoi gratis?<\/h3>\n<p>Se lo compri vogliamo essere sicuri che lo ami cos\u00ec tanto. Questo lavoro \u00e8 frutto di tanto tempo e passione ma \u00e8 nato per rimanere free. Puoi scaricarlo ad una risoluzione decente che ti consentir\u00e0 di leggere tutto il contenuto al link che segue: <a href=\"http:\/\/giudansky.com\/design\/51-blender-map\" target=\"_blank\" rel=\"noopener noreferrer\">Learn blender with a poster infographic!<\/a><\/p>\n<h3>Licenza<\/h3>\n<p>Il prodotto digitale \u00e8 per uso esclusivamente personale. Non \u00e8 concesso l&#8217;utilizzo commerciale o la diffusione in rete. Puoi per\u00f2 condividere il raster jpg disponibile a <a href=\"http:\/\/giudansky.com\/design\/51-blender-map\">questo indirizzo<\/a>, linkando il sito http:\/\/www.giudansky.com.<\/p>\n","protected":false},"excerpt":{"rendered":"<p>Impara ad utilizzare blender 2.8 grazie a questo poster infografica! Tutti gli appunti che servono in un unico foglio.<\/p>\n<p>Digital download.<\/p>\n","protected":false},"featured_media":6586,"template":"","meta":{"jetpack_post_was_ever_published":false},"product_brand":[],"product_cat":[18],"product_tag":[27,26,7,22],"class_list":{"0":"post-43","1":"product","2":"type-product","3":"status-publish","4":"has-post-thumbnail","6":"product_cat-learn-with-a-poster","7":"product_tag-b3d","8":"product_tag-blender-3d","9":"product_tag-infographic","10":"product_tag-poster-en","12":"first","13":"instock","14":"featured","15":"sold-individually","16":"taxable","17":"shipping-taxable","18":"purchasable","19":"product-type-variable"},"yoast_head":"<!-- This site is optimized with the Yoast SEO plugin v27.3 - https:\/\/yoast.com\/product\/yoast-seo-wordpress\/ -->\n<title>Impara Blender 3d con un poster infografica<\/title>\n<meta name=\"description\" content=\"Impara ad utilizzare blender 2.8 grazie a questo poster infografica! Tutti gli appunti che servono in un unico foglio.  Digital download.\" \/>\n<meta name=\"robots\" content=\"index, follow, max-snippet:-1, max-image-preview:large, max-video-preview:-1\" \/>\n<link rel=\"canonical\" href=\"https:\/\/store.giudansky.com\/it\/product\/blender3d-poster\/\" \/>\n<meta property=\"og:locale\" content=\"it_IT\" \/>\n<meta property=\"og:type\" content=\"article\" \/>\n<meta property=\"og:title\" content=\"Impara Blender 3d con un poster infografica\" \/>\n<meta property=\"og:description\" content=\"Impara ad utilizzare blender 2.8 grazie a questo poster infografica! Tutti gli appunti che servono in un unico foglio.  Digital download.\" \/>\n<meta property=\"og:url\" content=\"https:\/\/store.giudansky.com\/it\/product\/blender3d-poster\/\" \/>\n<meta property=\"og:site_name\" content=\"Learn with a Poster\" \/>\n<meta property=\"article:modified_time\" content=\"2025-07-27T15:46:13+00:00\" \/>\n<meta property=\"og:image\" content=\"https:\/\/store.giudansky.com\/wp-content\/uploads\/2016\/06\/blender-infographic-lowres-preview-3.jpg\" \/>\n\t<meta property=\"og:image:width\" content=\"1280\" \/>\n\t<meta property=\"og:image:height\" content=\"900\" \/>\n\t<meta property=\"og:image:type\" content=\"image\/jpeg\" \/>\n<meta name=\"twitter:card\" content=\"summary_large_image\" \/>\n<meta name=\"twitter:label1\" content=\"Tempo di lettura stimato\" \/>\n\t<meta name=\"twitter:data1\" content=\"2 minuti\" \/>\n<script type=\"application\/ld+json\" class=\"yoast-schema-graph\">{\"@context\":\"https:\\\/\\\/schema.org\",\"@graph\":[{\"@type\":\"WebPage\",\"@id\":\"https:\\\/\\\/store.giudansky.com\\\/it\\\/product\\\/blender3d-poster\\\/\",\"url\":\"https:\\\/\\\/store.giudansky.com\\\/it\\\/product\\\/blender3d-poster\\\/\",\"name\":\"Impara Blender 3d con un poster infografica\",\"isPartOf\":{\"@id\":\"https:\\\/\\\/store.giudansky.com\\\/it\\\/#website\"},\"primaryImageOfPage\":{\"@id\":\"https:\\\/\\\/store.giudansky.com\\\/it\\\/product\\\/blender3d-poster\\\/#primaryimage\"},\"image\":{\"@id\":\"https:\\\/\\\/store.giudansky.com\\\/it\\\/product\\\/blender3d-poster\\\/#primaryimage\"},\"thumbnailUrl\":\"https:\\\/\\\/store.giudansky.com\\\/wp-content\\\/uploads\\\/2016\\\/06\\\/blender-infographic-lowres-preview-3.jpg\",\"datePublished\":\"2016-06-17T15:17:20+00:00\",\"dateModified\":\"2025-07-27T15:46:13+00:00\",\"description\":\"Impara ad utilizzare blender 2.8 grazie a questo poster infografica! Tutti gli appunti che servono in un unico foglio. Digital download.\",\"breadcrumb\":{\"@id\":\"https:\\\/\\\/store.giudansky.com\\\/it\\\/product\\\/blender3d-poster\\\/#breadcrumb\"},\"inLanguage\":\"it-IT\",\"potentialAction\":[{\"@type\":\"ReadAction\",\"target\":[\"https:\\\/\\\/store.giudansky.com\\\/it\\\/product\\\/blender3d-poster\\\/\"]}]},{\"@type\":\"ImageObject\",\"inLanguage\":\"it-IT\",\"@id\":\"https:\\\/\\\/store.giudansky.com\\\/it\\\/product\\\/blender3d-poster\\\/#primaryimage\",\"url\":\"https:\\\/\\\/store.giudansky.com\\\/wp-content\\\/uploads\\\/2016\\\/06\\\/blender-infographic-lowres-preview-3.jpg\",\"contentUrl\":\"https:\\\/\\\/store.giudansky.com\\\/wp-content\\\/uploads\\\/2016\\\/06\\\/blender-infographic-lowres-preview-3.jpg\",\"width\":1280,\"height\":900},{\"@type\":\"BreadcrumbList\",\"@id\":\"https:\\\/\\\/store.giudansky.com\\\/it\\\/product\\\/blender3d-poster\\\/#breadcrumb\",\"itemListElement\":[{\"@type\":\"ListItem\",\"position\":1,\"name\":\"Home\",\"item\":\"https:\\\/\\\/store.giudansky.com\\\/it\\\/\"},{\"@type\":\"ListItem\",\"position\":2,\"name\":\"Shop\",\"item\":\"https:\\\/\\\/store.giudansky.com\\\/it\\\/shop\\\/\"},{\"@type\":\"ListItem\",\"position\":3,\"name\":\"Poster Blender 3d\"}]},{\"@type\":\"WebSite\",\"@id\":\"https:\\\/\\\/store.giudansky.com\\\/it\\\/#website\",\"url\":\"https:\\\/\\\/store.giudansky.com\\\/it\\\/\",\"name\":\"Learn with a Poster\",\"description\":\"All the knowledge in a single infographic poster\",\"publisher\":{\"@id\":\"https:\\\/\\\/store.giudansky.com\\\/it\\\/#organization\"},\"potentialAction\":[{\"@type\":\"SearchAction\",\"target\":{\"@type\":\"EntryPoint\",\"urlTemplate\":\"https:\\\/\\\/store.giudansky.com\\\/it\\\/?s={search_term_string}\"},\"query-input\":{\"@type\":\"PropertyValueSpecification\",\"valueRequired\":true,\"valueName\":\"search_term_string\"}}],\"inLanguage\":\"it-IT\"},{\"@type\":\"Organization\",\"@id\":\"https:\\\/\\\/store.giudansky.com\\\/it\\\/#organization\",\"name\":\"Learn with a Poster\",\"url\":\"https:\\\/\\\/store.giudansky.com\\\/it\\\/\",\"logo\":{\"@type\":\"ImageObject\",\"inLanguage\":\"it-IT\",\"@id\":\"https:\\\/\\\/store.giudansky.com\\\/it\\\/#\\\/schema\\\/logo\\\/image\\\/\",\"url\":\"https:\\\/\\\/store.giudansky.com\\\/wp-content\\\/uploads\\\/2016\\\/06\\\/icona-learnposter.png\",\"contentUrl\":\"https:\\\/\\\/store.giudansky.com\\\/wp-content\\\/uploads\\\/2016\\\/06\\\/icona-learnposter.png\",\"width\":283,\"height\":283,\"caption\":\"Learn with a Poster\"},\"image\":{\"@id\":\"https:\\\/\\\/store.giudansky.com\\\/it\\\/#\\\/schema\\\/logo\\\/image\\\/\"}}]}<\/script>\n<!-- \/ Yoast SEO plugin. -->","yoast_head_json":{"title":"Impara Blender 3d con un poster infografica","description":"Impara ad utilizzare blender 2.8 grazie a questo poster infografica! Tutti gli appunti che servono in un unico foglio.  Digital download.","robots":{"index":"index","follow":"follow","max-snippet":"max-snippet:-1","max-image-preview":"max-image-preview:large","max-video-preview":"max-video-preview:-1"},"canonical":"https:\/\/store.giudansky.com\/it\/product\/blender3d-poster\/","og_locale":"it_IT","og_type":"article","og_title":"Impara Blender 3d con un poster infografica","og_description":"Impara ad utilizzare blender 2.8 grazie a questo poster infografica! Tutti gli appunti che servono in un unico foglio.  Digital download.","og_url":"https:\/\/store.giudansky.com\/it\/product\/blender3d-poster\/","og_site_name":"Learn with a Poster","article_modified_time":"2025-07-27T15:46:13+00:00","og_image":[{"width":1280,"height":900,"url":"https:\/\/store.giudansky.com\/wp-content\/uploads\/2016\/06\/blender-infographic-lowres-preview-3.jpg","type":"image\/jpeg"}],"twitter_card":"summary_large_image","twitter_misc":{"Tempo di lettura stimato":"2 minuti"},"schema":{"@context":"https:\/\/schema.org","@graph":[{"@type":"WebPage","@id":"https:\/\/store.giudansky.com\/it\/product\/blender3d-poster\/","url":"https:\/\/store.giudansky.com\/it\/product\/blender3d-poster\/","name":"Impara Blender 3d con un poster infografica","isPartOf":{"@id":"https:\/\/store.giudansky.com\/it\/#website"},"primaryImageOfPage":{"@id":"https:\/\/store.giudansky.com\/it\/product\/blender3d-poster\/#primaryimage"},"image":{"@id":"https:\/\/store.giudansky.com\/it\/product\/blender3d-poster\/#primaryimage"},"thumbnailUrl":"https:\/\/store.giudansky.com\/wp-content\/uploads\/2016\/06\/blender-infographic-lowres-preview-3.jpg","datePublished":"2016-06-17T15:17:20+00:00","dateModified":"2025-07-27T15:46:13+00:00","description":"Impara ad utilizzare blender 2.8 grazie a questo poster infografica! Tutti gli appunti che servono in un unico foglio. Digital download.","breadcrumb":{"@id":"https:\/\/store.giudansky.com\/it\/product\/blender3d-poster\/#breadcrumb"},"inLanguage":"it-IT","potentialAction":[{"@type":"ReadAction","target":["https:\/\/store.giudansky.com\/it\/product\/blender3d-poster\/"]}]},{"@type":"ImageObject","inLanguage":"it-IT","@id":"https:\/\/store.giudansky.com\/it\/product\/blender3d-poster\/#primaryimage","url":"https:\/\/store.giudansky.com\/wp-content\/uploads\/2016\/06\/blender-infographic-lowres-preview-3.jpg","contentUrl":"https:\/\/store.giudansky.com\/wp-content\/uploads\/2016\/06\/blender-infographic-lowres-preview-3.jpg","width":1280,"height":900},{"@type":"BreadcrumbList","@id":"https:\/\/store.giudansky.com\/it\/product\/blender3d-poster\/#breadcrumb","itemListElement":[{"@type":"ListItem","position":1,"name":"Home","item":"https:\/\/store.giudansky.com\/it\/"},{"@type":"ListItem","position":2,"name":"Shop","item":"https:\/\/store.giudansky.com\/it\/shop\/"},{"@type":"ListItem","position":3,"name":"Poster Blender 3d"}]},{"@type":"WebSite","@id":"https:\/\/store.giudansky.com\/it\/#website","url":"https:\/\/store.giudansky.com\/it\/","name":"Learn with a Poster","description":"All the knowledge in a single infographic poster","publisher":{"@id":"https:\/\/store.giudansky.com\/it\/#organization"},"potentialAction":[{"@type":"SearchAction","target":{"@type":"EntryPoint","urlTemplate":"https:\/\/store.giudansky.com\/it\/?s={search_term_string}"},"query-input":{"@type":"PropertyValueSpecification","valueRequired":true,"valueName":"search_term_string"}}],"inLanguage":"it-IT"},{"@type":"Organization","@id":"https:\/\/store.giudansky.com\/it\/#organization","name":"Learn with a Poster","url":"https:\/\/store.giudansky.com\/it\/","logo":{"@type":"ImageObject","inLanguage":"it-IT","@id":"https:\/\/store.giudansky.com\/it\/#\/schema\/logo\/image\/","url":"https:\/\/store.giudansky.com\/wp-content\/uploads\/2016\/06\/icona-learnposter.png","contentUrl":"https:\/\/store.giudansky.com\/wp-content\/uploads\/2016\/06\/icona-learnposter.png","width":283,"height":283,"caption":"Learn with a Poster"},"image":{"@id":"https:\/\/store.giudansky.com\/it\/#\/schema\/logo\/image\/"}}]}},"jetpack_sharing_enabled":true,"jetpack-related-posts":[{"id":1037,"url":"https:\/\/store.giudansky.com\/it\/product\/poster-bonsai\/","url_meta":{"origin":43,"position":0},"title":"Poster Bonsai","author":"giuliano","date":"29 Marzo 2018","format":false,"excerpt":"Tutte le regole, le tecniche, i suggerimenti e i significati dei bonsai in un'infografica di poster. Tutto il tuo amore per gli alberi e la cura dei bonsai. Lingua: inglese","rel":"","context":"Articolo simile","block_context":{"text":"Articolo simile","link":""},"img":{"alt_text":"","src":"https:\/\/i0.wp.com\/store.giudansky.com\/wp-content\/uploads\/2018\/03\/ilwap-infographic-bonsai-small.jpg?resize=350%2C200&ssl=1","width":350,"height":200,"srcset":"https:\/\/i0.wp.com\/store.giudansky.com\/wp-content\/uploads\/2018\/03\/ilwap-infographic-bonsai-small.jpg?resize=350%2C200&ssl=1 1x, https:\/\/i0.wp.com\/store.giudansky.com\/wp-content\/uploads\/2018\/03\/ilwap-infographic-bonsai-small.jpg?resize=525%2C300&ssl=1 1.5x, https:\/\/i0.wp.com\/store.giudansky.com\/wp-content\/uploads\/2018\/03\/ilwap-infographic-bonsai-small.jpg?resize=700%2C400&ssl=1 2x, https:\/\/i0.wp.com\/store.giudansky.com\/wp-content\/uploads\/2018\/03\/ilwap-infographic-bonsai-small.jpg?resize=1050%2C600&ssl=1 3x"},"classes":[]},{"id":30,"url":"https:\/\/store.giudansky.com\/it\/product\/vuoi-fare-vela-poster\/","url_meta":{"origin":43,"position":1},"title":"Poster Vuoi Fare Vela?","author":"giuliano","date":"16 Giugno 2016","format":false,"excerpt":"Tutta la vela in un poster infografica. Colleziona tutta la tua passione per il mare e le nozioni fondamentali della vela. Appendila in barca! Download digitale immediato.","rel":"","context":"Articolo simile","block_context":{"text":"Articolo simile","link":""},"img":{"alt_text":"","src":"https:\/\/i0.wp.com\/store.giudansky.com\/wp-content\/uploads\/2016\/06\/infografic-vfv-ita-medium-1.jpg?resize=350%2C200&ssl=1","width":350,"height":200,"srcset":"https:\/\/i0.wp.com\/store.giudansky.com\/wp-content\/uploads\/2016\/06\/infografic-vfv-ita-medium-1.jpg?resize=350%2C200&ssl=1 1x, https:\/\/i0.wp.com\/store.giudansky.com\/wp-content\/uploads\/2016\/06\/infografic-vfv-ita-medium-1.jpg?resize=525%2C300&ssl=1 1.5x, https:\/\/i0.wp.com\/store.giudansky.com\/wp-content\/uploads\/2016\/06\/infografic-vfv-ita-medium-1.jpg?resize=700%2C400&ssl=1 2x, https:\/\/i0.wp.com\/store.giudansky.com\/wp-content\/uploads\/2016\/06\/infografic-vfv-ita-medium-1.jpg?resize=1050%2C600&ssl=1 3x, https:\/\/i0.wp.com\/store.giudansky.com\/wp-content\/uploads\/2016\/06\/infografic-vfv-ita-medium-1.jpg?resize=1400%2C800&ssl=1 4x"},"classes":[]},{"id":3904,"url":"https:\/\/store.giudansky.com\/it\/product\/poster-fotografia\/","url_meta":{"origin":43,"position":2},"title":"Poster Fotografia","author":"giuliano","date":"20 Dicembre 2022","format":false,"excerpt":"Tutto il lavoro di fotocamera in un unico poster infografico Il significato della fotografia, la storia, le impostazioni di base, le regole fondamentali e le scorciatoie, le lunghezze focali, il mirino, lo sviluppo e la stampa, le impostazioni dello studio e le luci artificiali, l'istogramma della luce, la post produzione,\u2026","rel":"","context":"Articolo simile","block_context":{"text":"Articolo simile","link":""},"img":{"alt_text":"","src":"https:\/\/i0.wp.com\/store.giudansky.com\/wp-content\/uploads\/2022\/12\/infographic-photography-small.jpg?resize=350%2C200&ssl=1","width":350,"height":200,"srcset":"https:\/\/i0.wp.com\/store.giudansky.com\/wp-content\/uploads\/2022\/12\/infographic-photography-small.jpg?resize=350%2C200&ssl=1 1x, https:\/\/i0.wp.com\/store.giudansky.com\/wp-content\/uploads\/2022\/12\/infographic-photography-small.jpg?resize=525%2C300&ssl=1 1.5x, https:\/\/i0.wp.com\/store.giudansky.com\/wp-content\/uploads\/2022\/12\/infographic-photography-small.jpg?resize=700%2C400&ssl=1 2x, https:\/\/i0.wp.com\/store.giudansky.com\/wp-content\/uploads\/2022\/12\/infographic-photography-small.jpg?resize=1050%2C600&ssl=1 3x"},"classes":[]},{"id":106,"url":"https:\/\/store.giudansky.com\/product\/blender3d-poster\/","url_meta":{"origin":43,"position":3},"title":"Poster Blender 3d","author":"giuliano","date":"17 Giugno 2016","format":false,"excerpt":"Learn Blender 3d with a poster infographic! All the notes, tips and shorcuts in a single sheet map. Digital download.","rel":"","context":"Articolo simile","block_context":{"text":"Articolo simile","link":""},"img":{"alt_text":"","src":"https:\/\/i0.wp.com\/store.giudansky.com\/wp-content\/uploads\/2016\/06\/blender-infographic-lowres-preview-3.jpg?resize=350%2C200&ssl=1","width":350,"height":200,"srcset":"https:\/\/i0.wp.com\/store.giudansky.com\/wp-content\/uploads\/2016\/06\/blender-infographic-lowres-preview-3.jpg?resize=350%2C200&ssl=1 1x, https:\/\/i0.wp.com\/store.giudansky.com\/wp-content\/uploads\/2016\/06\/blender-infographic-lowres-preview-3.jpg?resize=525%2C300&ssl=1 1.5x, https:\/\/i0.wp.com\/store.giudansky.com\/wp-content\/uploads\/2016\/06\/blender-infographic-lowres-preview-3.jpg?resize=700%2C400&ssl=1 2x, https:\/\/i0.wp.com\/store.giudansky.com\/wp-content\/uploads\/2016\/06\/blender-infographic-lowres-preview-3.jpg?resize=1050%2C600&ssl=1 3x"},"classes":[]},{"id":112,"url":"https:\/\/store.giudansky.com\/product\/poster-wanna-sail\/","url_meta":{"origin":43,"position":4},"title":"Poster Wanna Sail?","author":"giuliano","date":"16 Giugno 2016","format":false,"excerpt":"All the sailing in a poster infographic. Collect all your passion for the sea and the notions of sailing. Hang it on your boat! English version. Immediate digital download.","rel":"","context":"Articolo simile","block_context":{"text":"Articolo simile","link":""},"img":{"alt_text":"","src":"https:\/\/i0.wp.com\/store.giudansky.com\/wp-content\/uploads\/2016\/06\/infografic-vfv-eng-medium.jpg?resize=350%2C200&ssl=1","width":350,"height":200,"srcset":"https:\/\/i0.wp.com\/store.giudansky.com\/wp-content\/uploads\/2016\/06\/infografic-vfv-eng-medium.jpg?resize=350%2C200&ssl=1 1x, https:\/\/i0.wp.com\/store.giudansky.com\/wp-content\/uploads\/2016\/06\/infografic-vfv-eng-medium.jpg?resize=525%2C300&ssl=1 1.5x, https:\/\/i0.wp.com\/store.giudansky.com\/wp-content\/uploads\/2016\/06\/infografic-vfv-eng-medium.jpg?resize=700%2C400&ssl=1 2x, https:\/\/i0.wp.com\/store.giudansky.com\/wp-content\/uploads\/2016\/06\/infografic-vfv-eng-medium.jpg?resize=1050%2C600&ssl=1 3x, https:\/\/i0.wp.com\/store.giudansky.com\/wp-content\/uploads\/2016\/06\/infografic-vfv-eng-medium.jpg?resize=1400%2C800&ssl=1 4x"},"classes":[]}],"_links":{"self":[{"href":"https:\/\/store.giudansky.com\/it\/wp-json\/wp\/v2\/product\/43","targetHints":{"allow":["GET"]}}],"collection":[{"href":"https:\/\/store.giudansky.com\/it\/wp-json\/wp\/v2\/product"}],"about":[{"href":"https:\/\/store.giudansky.com\/it\/wp-json\/wp\/v2\/types\/product"}],"wp:featuredmedia":[{"embeddable":true,"href":"https:\/\/store.giudansky.com\/it\/wp-json\/wp\/v2\/media\/6586"}],"wp:attachment":[{"href":"https:\/\/store.giudansky.com\/it\/wp-json\/wp\/v2\/media?parent=43"}],"wp:term":[{"taxonomy":"product_brand","embeddable":true,"href":"https:\/\/store.giudansky.com\/it\/wp-json\/wp\/v2\/product_brand?post=43"},{"taxonomy":"product_cat","embeddable":true,"href":"https:\/\/store.giudansky.com\/it\/wp-json\/wp\/v2\/product_cat?post=43"},{"taxonomy":"product_tag","embeddable":true,"href":"https:\/\/store.giudansky.com\/it\/wp-json\/wp\/v2\/product_tag?post=43"}],"curies":[{"name":"wp","href":"https:\/\/api.w.org\/{rel}","templated":true}]}}